{"id":830779,"date":"2025-08-08T17:37:09","date_gmt":"2025-08-08T15:37:09","guid":{"rendered":"https:\/\/lucacastelli.com\/prodotto\/milwaukee-camera-dinspection-360-12-m-m12\/"},"modified":"2025-08-08T17:37:09","modified_gmt":"2025-08-08T15:37:09","slug":"milwaukee-camera-dinspection-360-12-m-m12","status":"publish","type":"product","link":"https:\/\/lucacastelli.com\/fr\/produit\/milwaukee-camera-dinspection-360-12-m-m12\/","title":{"rendered":"MILWAUKEE Cam\u00e9ra d&#8217;inspection 360\u00b0 1,2 m M12\u2122"},"content":{"rendered":"<p>M12 360IC12-201C 1.2M\/CAMERAS INSPECTION<br \/>\nLe grand \u00e9cran LCD de 4,3 pouces transmet des images nettes et d\u00e9taill\u00e9es ; L&#8217;\u00e9cran pivote \u00e0 270 degr\u00e9s pour permettre \u00e0 l&#8217;op\u00e9rateur d&#8217;avoir toujours une image droite et align\u00e9e ; Le c\u00e2ble de 1,2 m est le juste compromis entre flexibilit\u00e9 pour l&#8217;inspection \u00e0 l&#8217;int\u00e9rieur de canalisations et rigidit\u00e9 pour l&#8217;inspection derri\u00e8re les murs ; Possibilit\u00e9 de r\u00e9gler 5 degr\u00e9s d&#8217;\u00e9clairage diff\u00e9rents sans risque d&#8217;ombres ou de reflets involontaires ; Carte micro SD de 32 Go incluse pour sauvegarder images et vid\u00e9os ; Cam\u00e9ra de 10 mm pour un acc\u00e8s facile dans les espaces restreints ; Excellente qualit\u00e9 d&#8217;image gr\u00e2ce \u00e0 la cam\u00e9ra avec r\u00e9solution 720p ; 3 niveaux de zoom pour mettre au point le moindre d\u00e9tail ; En outre, il est possible de pivoter num\u00e9riquement l&#8217;image de 180 degr\u00e9s ; Le c\u00e2ble et la cam\u00e9ra sont certifi\u00e9s IP67, donc totalement prot\u00e9g\u00e9s contre l&#8217;entr\u00e9e de sable, poussi\u00e8re et liquides ; Crochet, miroir et support sph\u00e9rique pour inspection inclus ; La batterie REDLITHIUM\u2122 garantit une construction avanc\u00e9e du pack batterie et des performances constantes, pour offrir une plus grande autonomie et maximiser la dur\u00e9e de vie de la batterie ; Fonctionne avec toutes les batteries MILWAUKEE\u00ae M12\u2122<\/p>\n<p>4933480740<br \/>\n4058546410254<\/p>\n","protected":false},"excerpt":{"rendered":"<p>M12 360IC12-201C 1.2M\/CAMERAS INSPECTION<\/p>\n","protected":false},"featured_media":582841,"template":"","meta":{"_seopress_robots_primary_cat":"","_seopress_titles_title":"","_seopress_titles_desc":"","_seopress_robots_index":""},"product_brand":[3407],"product_cat":[5531,29,514],"product_tag":[3270],"class_list":{"0":"post-830779","1":"product","2":"type-product","3":"status-publish","4":"has-post-thumbnail","6":"product_brand-milwaukee","7":"product_cat-vari-macchinari-milwaukee","8":"product_cat-macchinari","9":"product_cat-altri-dispositivi","10":"product_tag-import-milwau","11":"sws-conto-ricavi-merci-rivendita-macchinari-fr","12":"sws-gruppo-iva-iva81-fr","14":"first","15":"onbackorder","16":"sale","17":"shipping-taxable","18":"purchasable","19":"product-type-simple"},"_links":{"self":[{"href":"https:\/\/lucacastelli.com\/fr\/wp-json\/wp\/v2\/product\/830779","targetHints":{"allow":["GET"]}}],"collection":[{"href":"https:\/\/lucacastelli.com\/fr\/wp-json\/wp\/v2\/product"}],"about":[{"href":"https:\/\/lucacastelli.com\/fr\/wp-json\/wp\/v2\/types\/product"}],"wp:featuredmedia":[{"embeddable":true,"href":"https:\/\/lucacastelli.com\/fr\/wp-json\/wp\/v2\/media\/582841"}],"wp:attachment":[{"href":"https:\/\/lucacastelli.com\/fr\/wp-json\/wp\/v2\/media?parent=830779"}],"wp:term":[{"taxonomy":"product_brand","embeddable":true,"href":"https:\/\/lucacastelli.com\/fr\/wp-json\/wp\/v2\/product_brand?post=830779"},{"taxonomy":"product_cat","embeddable":true,"href":"https:\/\/lucacastelli.com\/fr\/wp-json\/wp\/v2\/product_cat?post=830779"},{"taxonomy":"product_tag","embeddable":true,"href":"https:\/\/lucacastelli.com\/fr\/wp-json\/wp\/v2\/product_tag?post=830779"}],"curies":[{"name":"wp","href":"https:\/\/api.w.org\/{rel}","templated":true}]}}