{"id":830773,"date":"2025-08-08T17:37:10","date_gmt":"2025-08-08T15:37:10","guid":{"rendered":"https:\/\/lucacastelli.com\/prodotto\/milwaukee-camera-dinspection-12-m-alcaline\/"},"modified":"2025-08-08T17:37:10","modified_gmt":"2025-08-08T15:37:10","slug":"milwaukee-camera-dinspection-12-m-alcaline","status":"publish","type":"product","link":"https:\/\/lucacastelli.com\/fr\/produit\/milwaukee-camera-dinspection-12-m-alcaline\/","title":{"rendered":"MILWAUKEE Cam\u00e9ra d&#8217;inspection 1,2 m alcaline"},"content":{"rendered":"<p>AIC2 ALCALINE\/CAM\u00c9RAS D&#8217;INSPECTION<br \/>\nLe grand \u00e9cran LCD de 4,3 pouces transmet des images nettes et d\u00e9taill\u00e9es ; Le c\u00e2ble de 1,2 m est le juste compromis entre flexibilit\u00e9 pour l&#8217;inspection \u00e0 l&#8217;int\u00e9rieur de canalisations et rigidit\u00e9 pour l&#8217;inspection derri\u00e8re les murs ; Possibilit\u00e9 de r\u00e9gler 5 niveaux d&#8217;\u00e9clairage diff\u00e9rents sans risque d&#8217;ombres ou de reflets involontaires ; Excellente qualit\u00e9 d&#8217;image gr\u00e2ce \u00e0 la cam\u00e9ra avec r\u00e9solution 720p ; 3 niveaux de zoom pour mettre au point le moindre d\u00e9tail ; Possibilit\u00e9 de pivoter num\u00e9riquement l&#8217;image de 180 degr\u00e9s ; Fonctionne avec 4 piles AA d\u00e9j\u00e0 incluses dans l&#8217;emballage ; Le c\u00e2ble et la cam\u00e9ra sont certifi\u00e9s IP67, donc totalement prot\u00e9g\u00e9s contre l&#8217;entr\u00e9e de sable, poussi\u00e8re et liquides ; Comprend crochet, aimant, miroir et support sph\u00e9rique pour l&#8217;inspection ; Cam\u00e9ra de 10 mm pour un acc\u00e8s facile dans les espaces restreints<\/p>\n<p>4933480738<br \/>\n4058546410230<\/p>\n","protected":false},"excerpt":{"rendered":"<p>AIC2 ALCALINE\/CAM\u00c9RAS D&#8217;INSPECTION<\/p>\n","protected":false},"featured_media":582803,"template":"","meta":{"_seopress_robots_primary_cat":"","_seopress_titles_title":"","_seopress_titles_desc":"","_seopress_robots_index":""},"product_brand":[3407],"product_cat":[5531,29,514],"product_tag":[3270],"class_list":{"0":"post-830773","1":"product","2":"type-product","3":"status-publish","4":"has-post-thumbnail","6":"product_brand-milwaukee","7":"product_cat-vari-macchinari-milwaukee","8":"product_cat-macchinari","9":"product_cat-altri-dispositivi","10":"product_tag-import-milwau","11":"sws-conto-ricavi-merci-rivendita-macchinari-fr","12":"sws-gruppo-iva-iva81-fr","14":"first","15":"onbackorder","16":"sale","17":"shipping-taxable","18":"purchasable","19":"product-type-simple"},"_links":{"self":[{"href":"https:\/\/lucacastelli.com\/fr\/wp-json\/wp\/v2\/product\/830773","targetHints":{"allow":["GET"]}}],"collection":[{"href":"https:\/\/lucacastelli.com\/fr\/wp-json\/wp\/v2\/product"}],"about":[{"href":"https:\/\/lucacastelli.com\/fr\/wp-json\/wp\/v2\/types\/product"}],"wp:featuredmedia":[{"embeddable":true,"href":"https:\/\/lucacastelli.com\/fr\/wp-json\/wp\/v2\/media\/582803"}],"wp:attachment":[{"href":"https:\/\/lucacastelli.com\/fr\/wp-json\/wp\/v2\/media?parent=830773"}],"wp:term":[{"taxonomy":"product_brand","embeddable":true,"href":"https:\/\/lucacastelli.com\/fr\/wp-json\/wp\/v2\/product_brand?post=830773"},{"taxonomy":"product_cat","embeddable":true,"href":"https:\/\/lucacastelli.com\/fr\/wp-json\/wp\/v2\/product_cat?post=830773"},{"taxonomy":"product_tag","embeddable":true,"href":"https:\/\/lucacastelli.com\/fr\/wp-json\/wp\/v2\/product_tag?post=830773"}],"curies":[{"name":"wp","href":"https:\/\/api.w.org\/{rel}","templated":true}]}}