{"id":830763,"date":"2025-08-08T18:07:53","date_gmt":"2025-08-08T16:07:53","guid":{"rendered":"https:\/\/lucacastelli.com\/prodotto\/milwaukee-burins-auto-affutants-sds-max-sledge\/"},"modified":"2025-08-08T18:07:53","modified_gmt":"2025-08-08T16:07:53","slug":"milwaukee-burins-auto-affutants-sds-max-sledge","status":"publish","type":"product","link":"https:\/\/lucacastelli.com\/fr\/produit\/milwaukee-burins-auto-affutants-sds-max-sledge\/","title":{"rendered":"MILWAUKEE Burins auto-aff\u00fbtants SDS-Max SLEDGE\u2122"},"content":{"rendered":"<p>BURIN \u00c0 POINTE AUTO-AFF SDS-Max 400 mm &#8211; 1 pc<br \/>\nJusqu\u2019\u00e0 2 fois plus durables que les burins standards ; Auto-aff\u00fbtant, performance maximale plus longtemps ; Surface de travail maximale, productivit\u00e9 accrue, retrait plus important ; Extr\u00e9mit\u00e9 rectifi\u00e9e. Plus tranchant, plus rapide et \u00e9vite les blocages ; Fabriqu\u00e9 en Allemagne <\/p>\n<p>4932478266<br \/>\n4058546344436<\/p>\n","protected":false},"excerpt":{"rendered":"<p>BURIN \u00c0 POINTE AUTO-AFF SDS-Max 400 mm &#8211; 1 pc<\/p>\n","protected":false},"featured_media":540555,"template":"","meta":{"_seopress_robots_primary_cat":"","_seopress_titles_title":"","_seopress_titles_desc":"","_seopress_robots_index":""},"product_brand":[3658],"product_cat":[167,1453,1552,1555],"product_tag":[3273],"class_list":{"0":"post-830763","1":"product","2":"type-product","3":"status-publish","4":"has-post-thumbnail","6":"product_brand-milwaukee-fr","7":"product_cat-machines","8":"product_cat-autres-appareils","9":"product_cat-perceuses-et-tournevis","10":"product_cat-accessoires-pour-perceuses-et-tournevis","11":"product_tag-import-milwau-fr","12":"sws-conto-ricavi-merci-rivendita-macchinari-fr","13":"sws-gruppo-iva-iva81-fr","15":"first","16":"onbackorder","17":"sale","18":"shipping-taxable","19":"purchasable","20":"product-type-simple"},"_links":{"self":[{"href":"https:\/\/lucacastelli.com\/fr\/wp-json\/wp\/v2\/product\/830763","targetHints":{"allow":["GET"]}}],"collection":[{"href":"https:\/\/lucacastelli.com\/fr\/wp-json\/wp\/v2\/product"}],"about":[{"href":"https:\/\/lucacastelli.com\/fr\/wp-json\/wp\/v2\/types\/product"}],"wp:featuredmedia":[{"embeddable":true,"href":"https:\/\/lucacastelli.com\/fr\/wp-json\/wp\/v2\/media\/540555"}],"wp:attachment":[{"href":"https:\/\/lucacastelli.com\/fr\/wp-json\/wp\/v2\/media?parent=830763"}],"wp:term":[{"taxonomy":"product_brand","embeddable":true,"href":"https:\/\/lucacastelli.com\/fr\/wp-json\/wp\/v2\/product_brand?post=830763"},{"taxonomy":"product_cat","embeddable":true,"href":"https:\/\/lucacastelli.com\/fr\/wp-json\/wp\/v2\/product_cat?post=830763"},{"taxonomy":"product_tag","embeddable":true,"href":"https:\/\/lucacastelli.com\/fr\/wp-json\/wp\/v2\/product_tag?post=830763"}],"curies":[{"name":"wp","href":"https:\/\/api.w.org\/{rel}","templated":true}]}}