{"id":830760,"date":"2025-08-08T17:37:54","date_gmt":"2025-08-08T15:37:54","guid":{"rendered":"https:\/\/lucacastelli.com\/prodotto\/milwaukee-outil-multifonctions-m18-fuel\/"},"modified":"2025-08-08T17:37:54","modified_gmt":"2025-08-08T15:37:54","slug":"milwaukee-outil-multifonctions-m18-fuel","status":"publish","type":"product","link":"https:\/\/lucacastelli.com\/fr\/produit\/milwaukee-outil-multifonctions-m18-fuel\/","title":{"rendered":"MILWAUKEE Outil multifonctions M18 FUEL\u2122"},"content":{"rendered":"<p>M18FMT-0 MULTI HEADS TOOL<br \/>\nMoteur sans charbons POWERSTATE\u2122, angle d\u2019oscillation de 2,1 degr\u00e9s (gauche\/droite) et 10 000-20 000 osc\/min pour l\u2019une des vitesses de coupe les plus \u00e9lev\u00e9es du march\u00e9 ; Solution id\u00e9ale et polyvalente pour les applications de retrait et de coupe ; 10 r\u00e9glages de vitesse pour une adaptation facile au type d\u2019application ; Syst\u00e8me FIXTEC\u2122 pour un changement d\u2019accessoire sans outil, avec adaptateur universel inclus pour une compatibilit\u00e9 avec la plupart des accessoires du march\u00e9 ; \u00c9clairage LED \u00e0 180 degr\u00e9s pour illuminer la zone de travail ; La technologie FUEL\u2122 red\u00e9finit les outils \u00e9lectroportatifs sans fil. Le moteur sans charbons, l\u2019\u00e9lectronique REDLINK PLUS\u2122 et la batterie REDLITHIUM\u2122 offrent des performances et une durabilit\u00e9 sup\u00e9rieures <\/p>\n<p>4933498065<br \/>\n4058546512255<\/p>\n","protected":false},"excerpt":{"rendered":"<p>M18FMT-0 MULTI HEADS TOOL<\/p>\n","protected":false},"featured_media":441658,"template":"","meta":{"_seopress_robots_primary_cat":"","_seopress_titles_title":"","_seopress_titles_desc":"","_seopress_robots_index":""},"product_brand":[3407],"product_cat":[5531,29,514],"product_tag":[3270],"class_list":{"0":"post-830760","1":"product","2":"type-product","3":"status-publish","4":"has-post-thumbnail","6":"product_brand-milwaukee","7":"product_cat-vari-macchinari-milwaukee","8":"product_cat-macchinari","9":"product_cat-altri-dispositivi","10":"product_tag-import-milwau","11":"sws-conto-ricavi-merci-rivendita-macchinari-fr","12":"sws-gruppo-iva-iva81-fr","14":"first","15":"onbackorder","16":"sale","17":"shipping-taxable","18":"purchasable","19":"product-type-simple"},"_links":{"self":[{"href":"https:\/\/lucacastelli.com\/fr\/wp-json\/wp\/v2\/product\/830760","targetHints":{"allow":["GET"]}}],"collection":[{"href":"https:\/\/lucacastelli.com\/fr\/wp-json\/wp\/v2\/product"}],"about":[{"href":"https:\/\/lucacastelli.com\/fr\/wp-json\/wp\/v2\/types\/product"}],"wp:featuredmedia":[{"embeddable":true,"href":"https:\/\/lucacastelli.com\/fr\/wp-json\/wp\/v2\/media\/441658"}],"wp:attachment":[{"href":"https:\/\/lucacastelli.com\/fr\/wp-json\/wp\/v2\/media?parent=830760"}],"wp:term":[{"taxonomy":"product_brand","embeddable":true,"href":"https:\/\/lucacastelli.com\/fr\/wp-json\/wp\/v2\/product_brand?post=830760"},{"taxonomy":"product_cat","embeddable":true,"href":"https:\/\/lucacastelli.com\/fr\/wp-json\/wp\/v2\/product_cat?post=830760"},{"taxonomy":"product_tag","embeddable":true,"href":"https:\/\/lucacastelli.com\/fr\/wp-json\/wp\/v2\/product_tag?post=830760"}],"curies":[{"name":"wp","href":"https:\/\/api.w.org\/{rel}","templated":true}]}}