{"id":830754,"date":"2025-08-08T18:15:54","date_gmt":"2025-08-08T16:15:54","guid":{"rendered":"https:\/\/lucacastelli.com\/prodotto\/milwaukee-coffret-shockwave-32-pcs-vissage-torx\/"},"modified":"2025-08-08T18:15:54","modified_gmt":"2025-08-08T16:15:54","slug":"milwaukee-coffret-shockwave-32-pcs-vissage-torx","status":"publish","type":"product","link":"https:\/\/lucacastelli.com\/fr\/produit\/milwaukee-coffret-shockwave-32-pcs-vissage-torx\/","title":{"rendered":"MILWAUKEE Coffret Shockwave 32 pcs &#8211; Vissage &#8211; Torx"},"content":{"rendered":"<p>COFFRET 32pcs VISSAGE SHOCKWAVE &#8211; TORX 32pcs<br \/>\nCon\u00e7u pour une utilisation avec des visseuses \u00e0 chocs. Cette gamme d\u2019accessoires est non seulement id\u00e9ale pour les applications intensives, mais offre \u00e9galement une solution compl\u00e8te pour r\u00e9pondre aux besoins de fixation des utilisateurs ; Shock Zone Shockwave &#8211; con\u00e7ue pour \u00eatre extr\u00eamement flexible ; La Shock Zone r\u00e9duit la tension sur l\u2019embout, ce qui limite les casses. La combinaison de la Shock Zone et du traitement thermique sp\u00e9cial rend l\u2019embout extr\u00eamement r\u00e9sistant ; Cette gamme d\u2019embouts et de porte-embouts magn\u00e9tiques est fabriqu\u00e9e gr\u00e2ce \u00e0 un traitement thermique sp\u00e9cial de l\u2019acier. Ce proc\u00e9d\u00e9 rend l\u2019acier encore plus dur que l\u2019acier de type S2 (utilis\u00e9 dans les versions standards) ; Acier sp\u00e9cial con\u00e7u par Milwaukee avec une formule sp\u00e9cifique qui le rend plus r\u00e9sistant aux contraintes de torsion   <\/p>\n<p>4932471586<br \/>\n4058546294854<\/p>\n","protected":false},"excerpt":{"rendered":"<p>COFFRET 32pcs VISSAGE SHOCKWAVE &#8211; TORX 32pcs<\/p>\n","protected":false},"featured_media":537097,"template":"","meta":{"_seopress_robots_primary_cat":"","_seopress_titles_title":"","_seopress_titles_desc":"","_seopress_robots_index":""},"product_brand":[3407],"product_cat":[29,514,549,550],"product_tag":[3270],"class_list":{"0":"post-830754","1":"product","2":"type-product","3":"status-publish","4":"has-post-thumbnail","6":"product_brand-milwaukee","7":"product_cat-macchinari","8":"product_cat-altri-dispositivi","9":"product_cat-trapani-e-avvitatori","10":"product_cat-accessori-per-trapani-ed-avvitatori","11":"product_tag-import-milwau","12":"sws-conto-ricavi-merci-rivendita-macchinari-fr","13":"sws-gruppo-iva-iva81-fr","15":"first","16":"onbackorder","17":"shipping-taxable","18":"purchasable","19":"product-type-simple"},"_links":{"self":[{"href":"https:\/\/lucacastelli.com\/fr\/wp-json\/wp\/v2\/product\/830754","targetHints":{"allow":["GET"]}}],"collection":[{"href":"https:\/\/lucacastelli.com\/fr\/wp-json\/wp\/v2\/product"}],"about":[{"href":"https:\/\/lucacastelli.com\/fr\/wp-json\/wp\/v2\/types\/product"}],"wp:featuredmedia":[{"embeddable":true,"href":"https:\/\/lucacastelli.com\/fr\/wp-json\/wp\/v2\/media\/537097"}],"wp:attachment":[{"href":"https:\/\/lucacastelli.com\/fr\/wp-json\/wp\/v2\/media?parent=830754"}],"wp:term":[{"taxonomy":"product_brand","embeddable":true,"href":"https:\/\/lucacastelli.com\/fr\/wp-json\/wp\/v2\/product_brand?post=830754"},{"taxonomy":"product_cat","embeddable":true,"href":"https:\/\/lucacastelli.com\/fr\/wp-json\/wp\/v2\/product_cat?post=830754"},{"taxonomy":"product_tag","embeddable":true,"href":"https:\/\/lucacastelli.com\/fr\/wp-json\/wp\/v2\/product_tag?post=830754"}],"curies":[{"name":"wp","href":"https:\/\/api.w.org\/{rel}","templated":true}]}}