{"id":830744,"date":"2025-08-08T18:33:48","date_gmt":"2025-08-08T16:33:48","guid":{"rendered":"https:\/\/lucacastelli.com\/prodotto\/milwaukee-jeu-de-4-lames-combinees-pour-truelle-mecanique-mx-fuel-900-mm\/"},"modified":"2025-08-08T18:33:48","modified_gmt":"2025-08-08T16:33:48","slug":"milwaukee-jeu-de-4-lames-combinees-pour-truelle-mecanique-mx-fuel-900-mm","status":"publish","type":"product","link":"https:\/\/lucacastelli.com\/fr\/produit\/milwaukee-jeu-de-4-lames-combinees-pour-truelle-mecanique-mx-fuel-900-mm\/","title":{"rendered":"MILWAUKEE Jeu de 4 lames combin\u00e9es pour truelle m\u00e9canique MX FUEL\u2122 900 mm"},"content":{"rendered":"<p>MXFWBT90 Jeu de 4 lames pour truelle 900 mm<br \/>\nLames combin\u00e9es pour la truelle MX FUEL\u2122 900 ; Les lames combin\u00e9es permettent d\u2019effectuer \u00e0 la fois le nivellement et la finition sans changer de lame ; L\u2019utilisation de lames combin\u00e9es permet de r\u00e9pondre de mani\u00e8re flexible aux diff\u00e9rents besoins<\/p>\n<p>4932498920<br \/>\n4058546527891<\/p>\n","protected":false},"excerpt":{"rendered":"<p>MXFWBT90 Jeu de 4 lames pour truelle 900 mm<\/p>\n","protected":false},"featured_media":599629,"template":"","meta":{"_seopress_robots_primary_cat":"","_seopress_titles_title":"","_seopress_titles_desc":"","_seopress_robots_index":""},"product_brand":[3407],"product_cat":[5416,33],"product_tag":[3270],"class_list":{"0":"post-830744","1":"product","2":"type-product","3":"status-publish","4":"has-post-thumbnail","6":"product_brand-milwaukee","7":"product_cat-utensili-per-officina","8":"product_cat-attrezzature","9":"product_tag-import-milwau","10":"sws-conto-ricavi-merci-rivendita-macchinari-fr","11":"sws-gruppo-iva-iva81-fr","13":"first","14":"onbackorder","15":"sale","16":"shipping-taxable","17":"purchasable","18":"product-type-simple"},"_links":{"self":[{"href":"https:\/\/lucacastelli.com\/fr\/wp-json\/wp\/v2\/product\/830744","targetHints":{"allow":["GET"]}}],"collection":[{"href":"https:\/\/lucacastelli.com\/fr\/wp-json\/wp\/v2\/product"}],"about":[{"href":"https:\/\/lucacastelli.com\/fr\/wp-json\/wp\/v2\/types\/product"}],"wp:featuredmedia":[{"embeddable":true,"href":"https:\/\/lucacastelli.com\/fr\/wp-json\/wp\/v2\/media\/599629"}],"wp:attachment":[{"href":"https:\/\/lucacastelli.com\/fr\/wp-json\/wp\/v2\/media?parent=830744"}],"wp:term":[{"taxonomy":"product_brand","embeddable":true,"href":"https:\/\/lucacastelli.com\/fr\/wp-json\/wp\/v2\/product_brand?post=830744"},{"taxonomy":"product_cat","embeddable":true,"href":"https:\/\/lucacastelli.com\/fr\/wp-json\/wp\/v2\/product_cat?post=830744"},{"taxonomy":"product_tag","embeddable":true,"href":"https:\/\/lucacastelli.com\/fr\/wp-json\/wp\/v2\/product_tag?post=830744"}],"curies":[{"name":"wp","href":"https:\/\/api.w.org\/{rel}","templated":true}]}}