{"id":830734,"date":"2025-08-08T18:08:40","date_gmt":"2025-08-08T16:08:40","guid":{"rendered":"https:\/\/lucacastelli.com\/prodotto\/milwaukee-meches-selfeed-switchblade-3\/"},"modified":"2025-08-08T18:08:40","modified_gmt":"2025-08-08T16:08:40","slug":"milwaukee-meches-selfeed-switchblade-3","status":"publish","type":"product","link":"https:\/\/lucacastelli.com\/fr\/produit\/milwaukee-meches-selfeed-switchblade-3\/","title":{"rendered":"MILWAUKEE M\u00e8ches selfeed SWITCHBLADE"},"content":{"rendered":"<p>Jeu de 8 m\u00e8ches \u00e0 bois selfeed<br \/>\nToutes les tailles sont disponibles avec des vis sans fin amovibles et rempla\u00e7ables. Deux vis sans fin fournies avec chaque m\u00e8che ; avec des dimensions de 76, 92 et 116 mm, cette m\u00e8che poss\u00e8de deux lames internes permettant une coupe propre et uniforme. Support rempla\u00e7able ; deux vis sans fin fournies avec chaque m\u00e8che ; simplicit\u00e9 et rapidit\u00e9 sont les caract\u00e9ristiques de cette m\u00e8che  <\/p>\n<p>4932479488<br \/>\n4058546372828<\/p>\n","protected":false},"excerpt":{"rendered":"<p>Jeu de 8 m\u00e8ches \u00e0 bois selfeed<\/p>\n","protected":false},"featured_media":543992,"template":"","meta":{"_seopress_robots_primary_cat":"","_seopress_titles_title":"","_seopress_titles_desc":"","_seopress_robots_index":""},"product_brand":[3407],"product_cat":[29,514,549,550],"product_tag":[3270],"class_list":{"0":"post-830734","1":"product","2":"type-product","3":"status-publish","4":"has-post-thumbnail","6":"product_brand-milwaukee","7":"product_cat-macchinari","8":"product_cat-altri-dispositivi","9":"product_cat-trapani-e-avvitatori","10":"product_cat-accessori-per-trapani-ed-avvitatori","11":"product_tag-import-milwau","12":"sws-conto-ricavi-merci-rivendita-macchinari-fr","13":"sws-gruppo-iva-iva81-fr","15":"first","16":"onbackorder","17":"sale","18":"shipping-taxable","19":"purchasable","20":"product-type-simple"},"_links":{"self":[{"href":"https:\/\/lucacastelli.com\/fr\/wp-json\/wp\/v2\/product\/830734","targetHints":{"allow":["GET"]}}],"collection":[{"href":"https:\/\/lucacastelli.com\/fr\/wp-json\/wp\/v2\/product"}],"about":[{"href":"https:\/\/lucacastelli.com\/fr\/wp-json\/wp\/v2\/types\/product"}],"wp:featuredmedia":[{"embeddable":true,"href":"https:\/\/lucacastelli.com\/fr\/wp-json\/wp\/v2\/media\/543992"}],"wp:attachment":[{"href":"https:\/\/lucacastelli.com\/fr\/wp-json\/wp\/v2\/media?parent=830734"}],"wp:term":[{"taxonomy":"product_brand","embeddable":true,"href":"https:\/\/lucacastelli.com\/fr\/wp-json\/wp\/v2\/product_brand?post=830734"},{"taxonomy":"product_cat","embeddable":true,"href":"https:\/\/lucacastelli.com\/fr\/wp-json\/wp\/v2\/product_cat?post=830734"},{"taxonomy":"product_tag","embeddable":true,"href":"https:\/\/lucacastelli.com\/fr\/wp-json\/wp\/v2\/product_tag?post=830734"}],"curies":[{"name":"wp","href":"https:\/\/api.w.org\/{rel}","templated":true}]}}