{"id":830726,"date":"2025-08-08T18:08:41","date_gmt":"2025-08-08T16:08:41","guid":{"rendered":"https:\/\/lucacastelli.com\/prodotto\/milwaukee-meches-selfeed-bits-switchblade-2\/"},"modified":"2025-08-08T18:08:41","modified_gmt":"2025-08-08T16:08:41","slug":"milwaukee-meches-selfeed-bits-switchblade-2","status":"publish","type":"product","link":"https:\/\/lucacastelli.com\/fr\/produit\/milwaukee-meches-selfeed-bits-switchblade-2\/","title":{"rendered":"MILWAUKEE M\u00e8ches selfeed bits SWITCHBLADE"},"content":{"rendered":"<p>Wood Drill SWB Selfeed Bit 35 mm &#8211; 1 pce<br \/>\nVitesse : Vitesse de per\u00e7age sup\u00e9rieure gr\u00e2ce \u00e0 la pointe de centrage qui attaque imm\u00e9diatement le mat\u00e9riau et permet \u00e0 la m\u00e8che d&#8217;effectuer le per\u00e7age plus rapidement. Ce type de m\u00e8che est environ 40 % plus rapide qu&#8217;une m\u00e8che h\u00e9lico\u00efdale et environ 12 % plus rapide que notre selfeed bit standard ; Lames de rechange SWITCHBLADE. Le syst\u00e8me de lames rempla\u00e7ables SWITCHBLADE garantit que votre lame soit toujours aff\u00fbt\u00e9e. Cela augmente la productivit\u00e9 en \u00e9liminant les temps d&#8217;arr\u00eat li\u00e9s au r\u00e9aff\u00fbtage et augmente la dur\u00e9e de vie globale de la m\u00e8che ; Applications : Trous d&#8217;entr\u00e9e pour tuyaux en cuivre\/acier\/PVC\/Pex, trous d&#8217;entr\u00e9e pour tuyaux de grandes dimensions et conduits, r\u00e9alisation de trous traversants pour fils et c\u00e2bles, pour tous les trous sup\u00e9rieurs \u00e0 30 mm et o\u00f9 il n&#8217;existe pas d&#8217;alternative possible ; Chaque selfeed bit est fourni avec 2 \u00d7 vis d&#8217;avancement &#8211; filetage r\u00e9gulier, 1 \u00d7 jeu de vis, 1 \u00d7 cl\u00e9 Allen 5\/32 douani\u00e8re   <\/p>\n<p>4932479497<br \/>\n4058546372910<\/p>\n","protected":false},"excerpt":{"rendered":"<p>Wood Drill SWB Selfeed Bit 35 mm &#8211; 1 pce<\/p>\n","protected":false},"featured_media":544040,"template":"","meta":{"_seopress_robots_primary_cat":"","_seopress_titles_title":"","_seopress_titles_desc":"","_seopress_robots_index":""},"product_brand":[3407],"product_cat":[29,514,549,550],"product_tag":[3270],"class_list":{"0":"post-830726","1":"product","2":"type-product","3":"status-publish","4":"has-post-thumbnail","6":"product_brand-milwaukee","7":"product_cat-macchinari","8":"product_cat-altri-dispositivi","9":"product_cat-trapani-e-avvitatori","10":"product_cat-accessori-per-trapani-ed-avvitatori","11":"product_tag-import-milwau","12":"sws-conto-ricavi-merci-rivendita-macchinari-fr","13":"sws-gruppo-iva-iva81-fr","15":"first","16":"onbackorder","17":"sale","18":"shipping-taxable","19":"purchasable","20":"product-type-simple"},"_links":{"self":[{"href":"https:\/\/lucacastelli.com\/fr\/wp-json\/wp\/v2\/product\/830726","targetHints":{"allow":["GET"]}}],"collection":[{"href":"https:\/\/lucacastelli.com\/fr\/wp-json\/wp\/v2\/product"}],"about":[{"href":"https:\/\/lucacastelli.com\/fr\/wp-json\/wp\/v2\/types\/product"}],"wp:featuredmedia":[{"embeddable":true,"href":"https:\/\/lucacastelli.com\/fr\/wp-json\/wp\/v2\/media\/544040"}],"wp:attachment":[{"href":"https:\/\/lucacastelli.com\/fr\/wp-json\/wp\/v2\/media?parent=830726"}],"wp:term":[{"taxonomy":"product_brand","embeddable":true,"href":"https:\/\/lucacastelli.com\/fr\/wp-json\/wp\/v2\/product_brand?post=830726"},{"taxonomy":"product_cat","embeddable":true,"href":"https:\/\/lucacastelli.com\/fr\/wp-json\/wp\/v2\/product_cat?post=830726"},{"taxonomy":"product_tag","embeddable":true,"href":"https:\/\/lucacastelli.com\/fr\/wp-json\/wp\/v2\/product_tag?post=830726"}],"curies":[{"name":"wp","href":"https:\/\/api.w.org\/{rel}","templated":true}]}}