{"id":830718,"date":"2025-08-08T18:08:46","date_gmt":"2025-08-08T16:08:46","guid":{"rendered":"https:\/\/lucacastelli.com\/prodotto\/milwaukee-meches-selfeed-larges\/"},"modified":"2025-08-08T18:08:46","modified_gmt":"2025-08-08T16:08:46","slug":"milwaukee-meches-selfeed-larges","status":"publish","type":"product","link":"https:\/\/lucacastelli.com\/fr\/produit\/milwaukee-meches-selfeed-larges\/","title":{"rendered":"MILWAUKEE M\u00e8ches selfeed larges"},"content":{"rendered":"<p>M\u00e8che \u00e0 bois selfeed 76 mm &#8211; 1 pce<br \/>\nCette m\u00e8che poss\u00e8de deux lames internes permettant d\u2019obtenir une coupe propre et uniforme. Support rempla\u00e7able ; Arbre rempla\u00e7able <\/p>\n<p>4932479489<br \/>\n4058546372835<\/p>\n","protected":false},"excerpt":{"rendered":"<p>M\u00e8che \u00e0 bois selfeed 76 mm &#8211; 1 pce<\/p>\n","protected":false},"featured_media":544001,"template":"","meta":{"_seopress_robots_primary_cat":"","_seopress_titles_title":"","_seopress_titles_desc":"","_seopress_robots_index":""},"product_brand":[3658],"product_cat":[167,1453,1552,1555],"product_tag":[3273],"class_list":{"0":"post-830718","1":"product","2":"type-product","3":"status-publish","4":"has-post-thumbnail","6":"product_brand-milwaukee-fr","7":"product_cat-machines","8":"product_cat-autres-appareils","9":"product_cat-perceuses-et-tournevis","10":"product_cat-accessoires-pour-perceuses-et-tournevis","11":"product_tag-import-milwau-fr","12":"sws-conto-ricavi-merci-rivendita-macchinari-fr","13":"sws-gruppo-iva-iva81-fr","15":"first","16":"onbackorder","17":"sale","18":"shipping-taxable","19":"purchasable","20":"product-type-simple"},"_links":{"self":[{"href":"https:\/\/lucacastelli.com\/fr\/wp-json\/wp\/v2\/product\/830718","targetHints":{"allow":["GET"]}}],"collection":[{"href":"https:\/\/lucacastelli.com\/fr\/wp-json\/wp\/v2\/product"}],"about":[{"href":"https:\/\/lucacastelli.com\/fr\/wp-json\/wp\/v2\/types\/product"}],"wp:featuredmedia":[{"embeddable":true,"href":"https:\/\/lucacastelli.com\/fr\/wp-json\/wp\/v2\/media\/544001"}],"wp:attachment":[{"href":"https:\/\/lucacastelli.com\/fr\/wp-json\/wp\/v2\/media?parent=830718"}],"wp:term":[{"taxonomy":"product_brand","embeddable":true,"href":"https:\/\/lucacastelli.com\/fr\/wp-json\/wp\/v2\/product_brand?post=830718"},{"taxonomy":"product_cat","embeddable":true,"href":"https:\/\/lucacastelli.com\/fr\/wp-json\/wp\/v2\/product_cat?post=830718"},{"taxonomy":"product_tag","embeddable":true,"href":"https:\/\/lucacastelli.com\/fr\/wp-json\/wp\/v2\/product_tag?post=830718"}],"curies":[{"name":"wp","href":"https:\/\/api.w.org\/{rel}","templated":true}]}}