{"id":830714,"date":"2025-08-08T18:08:45","date_gmt":"2025-08-08T16:08:45","guid":{"rendered":"https:\/\/lucacastelli.com\/prodotto\/milwaukee-forets-selfeed-switchblade-3\/"},"modified":"2025-08-08T18:08:45","modified_gmt":"2025-08-08T16:08:45","slug":"milwaukee-forets-selfeed-switchblade-3","status":"publish","type":"product","link":"https:\/\/lucacastelli.com\/fr\/produit\/milwaukee-forets-selfeed-switchblade-3\/","title":{"rendered":"MILWAUKEE Forets selfeed SWITCHBLADE"},"content":{"rendered":"<p>M\u00e8che \u00e0 bois SWB Selfeed 57 mm &#8211; 1 pc<br \/>\nVitesse : Vitesse de per\u00e7age accrue gr\u00e2ce \u00e0 la pointe de centrage qui attaque imm\u00e9diatement le mat\u00e9riau et permet un per\u00e7age plus rapide. Ce type de m\u00e8che est environ 40 % plus rapide qu\u2019une m\u00e8che plate et environ 12 % plus rapide que notre m\u00e8che selfeed standard ; Lames de rechange SWITCHBLADE. Le syst\u00e8me de lames rempla\u00e7ables SWITCHBLADE garantit que votre lame est toujours aff\u00fbt\u00e9e. Cela augmente la productivit\u00e9 en \u00e9liminant les temps d\u2019arr\u00eat li\u00e9s \u00e0 l\u2019aff\u00fbtage et prolonge la dur\u00e9e de vie globale de la m\u00e8che ; Applications : Trous d\u2019entr\u00e9e pour tuyaux en cuivre\/acier\/PVC\/Pex, trous d\u2019entr\u00e9e pour tuyaux de grand diam\u00e8tre et conduits, r\u00e9alisation de trous traversants pour fils et c\u00e2bles, pour tous les per\u00e7ages sup\u00e9rieurs \u00e0 30 mm et lorsqu\u2019aucune alternative n\u2019est possible ; Chaque m\u00e8che selfeed est fournie avec 2 x vis d\u2019alimentation &#8211; filetage standard, 1 x jeu de vis, 1 x cl\u00e9 Allen 5\/32 douanier   <\/p>\n<p>4932479501<br \/>\n4058546372958<\/p>\n","protected":false},"excerpt":{"rendered":"<p>M\u00e8che \u00e0 bois SWB Selfeed 57 mm &#8211; 1 pc<\/p>\n","protected":false},"featured_media":551092,"template":"","meta":{"_seopress_robots_primary_cat":"","_seopress_titles_title":"","_seopress_titles_desc":"","_seopress_robots_index":""},"product_brand":[3407],"product_cat":[29,514,549,550],"product_tag":[3270],"class_list":{"0":"post-830714","1":"product","2":"type-product","3":"status-publish","4":"has-post-thumbnail","6":"product_brand-milwaukee","7":"product_cat-macchinari","8":"product_cat-altri-dispositivi","9":"product_cat-trapani-e-avvitatori","10":"product_cat-accessori-per-trapani-ed-avvitatori","11":"product_tag-import-milwau","12":"sws-conto-ricavi-merci-rivendita-macchinari-fr","13":"sws-gruppo-iva-iva81-fr","15":"first","16":"onbackorder","17":"sale","18":"shipping-taxable","19":"purchasable","20":"product-type-simple"},"_links":{"self":[{"href":"https:\/\/lucacastelli.com\/fr\/wp-json\/wp\/v2\/product\/830714","targetHints":{"allow":["GET"]}}],"collection":[{"href":"https:\/\/lucacastelli.com\/fr\/wp-json\/wp\/v2\/product"}],"about":[{"href":"https:\/\/lucacastelli.com\/fr\/wp-json\/wp\/v2\/types\/product"}],"wp:featuredmedia":[{"embeddable":true,"href":"https:\/\/lucacastelli.com\/fr\/wp-json\/wp\/v2\/media\/551092"}],"wp:attachment":[{"href":"https:\/\/lucacastelli.com\/fr\/wp-json\/wp\/v2\/media?parent=830714"}],"wp:term":[{"taxonomy":"product_brand","embeddable":true,"href":"https:\/\/lucacastelli.com\/fr\/wp-json\/wp\/v2\/product_brand?post=830714"},{"taxonomy":"product_cat","embeddable":true,"href":"https:\/\/lucacastelli.com\/fr\/wp-json\/wp\/v2\/product_cat?post=830714"},{"taxonomy":"product_tag","embeddable":true,"href":"https:\/\/lucacastelli.com\/fr\/wp-json\/wp\/v2\/product_tag?post=830714"}],"curies":[{"name":"wp","href":"https:\/\/api.w.org\/{rel}","templated":true}]}}