{"id":830712,"date":"2025-08-08T18:15:47","date_gmt":"2025-08-08T16:15:47","guid":{"rendered":"https:\/\/lucacastelli.com\/prodotto\/milwaukee-set-de-forets-metal-hss-g-7\/"},"modified":"2025-08-08T18:15:47","modified_gmt":"2025-08-08T16:15:47","slug":"milwaukee-set-de-forets-metal-hss-g-7","status":"publish","type":"product","link":"https:\/\/lucacastelli.com\/fr\/produit\/milwaukee-set-de-forets-metal-hss-g-7\/","title":{"rendered":"MILWAUKEE Set de forets m\u00e9tal HSS-G"},"content":{"rendered":"<p>JEU DE FORETS HSS-G 19 pcs<br \/>\nLa g\u00e9om\u00e9trie Thunderweb permet une \u00e9vacuation plus rapide des copeaux. Elle permet \u00e9galement de mieux dissiper la chaleur. Ces deux caract\u00e9ristiques conf\u00e8rent une vitesse de per\u00e7age accrue et une plus longue dur\u00e9e de vie du foret ; La section parabolique r\u00e9duit le risque de blocage du foret dans les per\u00e7ages profonds ; La section est plus \u00e9paisse et augmente \u00e0 l\u2019approche de l\u2019emmanchement (section conique). La section parabolique offre une plus grande r\u00e9sistance, moins de risques de rupture, id\u00e9ale pour les per\u00e7ages particuli\u00e8rement profonds, dur\u00e9e de vie accrue ; Angle de coupe : 135 degr\u00e9s ; La finition brillante permet une extraction plus rapide des copeaux et une plus longue dur\u00e9e de vie du foret ; Coffret en ABS avec protections en caoutchouc sur les angles pour une plus grande r\u00e9sistance ; Supporte des charges de pression \u00e9lev\u00e9es<\/p>\n<p>4932493869<br \/>\n4058546510299<\/p>\n","protected":false},"excerpt":{"rendered":"<p>JEU DE FORETS HSS-G 19 pcs<\/p>\n","protected":false},"featured_media":589395,"template":"","meta":{"_seopress_robots_primary_cat":"","_seopress_titles_title":"","_seopress_titles_desc":"","_seopress_robots_index":""},"product_brand":[3658],"product_cat":[1555,1453,167,1552],"product_tag":[3273],"class_list":{"0":"post-830712","1":"product","2":"type-product","3":"status-publish","4":"has-post-thumbnail","6":"product_brand-milwaukee-fr","7":"product_cat-accessoires-pour-perceuses-et-tournevis","8":"product_cat-autres-appareils","9":"product_cat-machines","10":"product_cat-perceuses-et-tournevis","11":"product_tag-import-milwau-fr","12":"sws-conto-ricavi-merci-rivendita-macchinari-fr","13":"sws-gruppo-iva-iva81-fr","15":"first","16":"onbackorder","17":"shipping-taxable","18":"purchasable","19":"product-type-simple"},"_links":{"self":[{"href":"https:\/\/lucacastelli.com\/fr\/wp-json\/wp\/v2\/product\/830712","targetHints":{"allow":["GET"]}}],"collection":[{"href":"https:\/\/lucacastelli.com\/fr\/wp-json\/wp\/v2\/product"}],"about":[{"href":"https:\/\/lucacastelli.com\/fr\/wp-json\/wp\/v2\/types\/product"}],"wp:featuredmedia":[{"embeddable":true,"href":"https:\/\/lucacastelli.com\/fr\/wp-json\/wp\/v2\/media\/589395"}],"wp:attachment":[{"href":"https:\/\/lucacastelli.com\/fr\/wp-json\/wp\/v2\/media?parent=830712"}],"wp:term":[{"taxonomy":"product_brand","embeddable":true,"href":"https:\/\/lucacastelli.com\/fr\/wp-json\/wp\/v2\/product_brand?post=830712"},{"taxonomy":"product_cat","embeddable":true,"href":"https:\/\/lucacastelli.com\/fr\/wp-json\/wp\/v2\/product_cat?post=830712"},{"taxonomy":"product_tag","embeddable":true,"href":"https:\/\/lucacastelli.com\/fr\/wp-json\/wp\/v2\/product_tag?post=830712"}],"curies":[{"name":"wp","href":"https:\/\/api.w.org\/{rel}","templated":true}]}}