{"id":830706,"date":"2025-08-08T18:15:50","date_gmt":"2025-08-08T16:15:50","guid":{"rendered":"https:\/\/lucacastelli.com\/prodotto\/milwaukee-set-de-forets-sds-plus-7-pcs\/"},"modified":"2025-08-08T18:15:50","modified_gmt":"2025-08-08T16:15:50","slug":"milwaukee-set-de-forets-sds-plus-7-pcs","status":"publish","type":"product","link":"https:\/\/lucacastelli.com\/fr\/produit\/milwaukee-set-de-forets-sds-plus-7-pcs\/","title":{"rendered":"MILWAUKEE SET DE FORETS SDS-Plus 7 pcs"},"content":{"rendered":"<p>SET DE FORETS SDS-Plus 7 pcs<br \/>\n3 dents de propulsion agressives sp\u00e9ciales cr\u00e9ent des microfractures dans le mat\u00e9riau \u00e0 percer&lt;br&gt; une pointe de centrage jusqu&#8217;\u00e0 25% PLUS RAPIDE&lt;br&gt; permet un per\u00e7age l\u00e9ger et tr\u00e8s pr\u00e9cis sans d\u00e9placement&lt;br&gt; des chanfreins de renforcement prot\u00e8gent l&#8217;\u00e9l\u00e9ment en carbure dans les armatures et r\u00e9duisent le d\u00e9salignement des bords&lt;br&gt; dos conique en spirale : l&#8217;\u00e9troit dos conique en spirale orient\u00e9 vers la pointe de per\u00e7age r\u00e9duit la friction et augmente ainsi la vitesse de per\u00e7age&lt;br&gt; Id\u00e9al pour l&#8217;utilisation avec perceuses \u00e0 percussion&lt;br&gt; spirale avec noyau renforc\u00e9&lt;br&gt; design en spirale de gros volume pour un transport optimal de la poussi\u00e8re de per\u00e7age&lt;br&gt; la spirale \u00e0 noyau renforc\u00e9 amortit les vibrations, l&#8217;\u00e9nergie des impacts est mieux transmise \u00e0 la pointe de per\u00e7age et la r\u00e9sistance \u00e0 la rupture est augment\u00e9e&lt;br&gt; Made in Germany&lt;br&gt; DUR\u00c9E DE VIE : Les chanfreins de renforcement plus grands et la spirale avec noyau renforc\u00e9 permettent de transmettre plus de force, r\u00e9duisent les vibrations et le risque de rupture&lt;br&gt; set compos\u00e9 de : un foret de per\u00e7age \u2300 5 \/ 6 x 110 mm et un de \u2300 5,5 \/ 6 \/ 7 \/ 8 \/ 10 x 160 mm en emballage Packout plastique<\/p>\n<p>4932492116<br \/>\n4058546414832<\/p>\n","protected":false},"excerpt":{"rendered":"<p>SET DE FORETS SDS-Plus 7 pcs<\/p>\n","protected":false},"featured_media":554956,"template":"","meta":{"_seopress_robots_primary_cat":"","_seopress_titles_title":"","_seopress_titles_desc":"","_seopress_robots_index":""},"product_brand":[3407],"product_cat":[29,514,549,550],"product_tag":[3270],"class_list":{"0":"post-830706","1":"product","2":"type-product","3":"status-publish","4":"has-post-thumbnail","6":"product_brand-milwaukee","7":"product_cat-macchinari","8":"product_cat-altri-dispositivi","9":"product_cat-trapani-e-avvitatori","10":"product_cat-accessori-per-trapani-ed-avvitatori","11":"product_tag-import-milwau","12":"sws-conto-ricavi-merci-rivendita-macchinari-fr","13":"sws-gruppo-iva-iva81-fr","15":"first","16":"onbackorder","17":"shipping-taxable","18":"purchasable","19":"product-type-simple"},"_links":{"self":[{"href":"https:\/\/lucacastelli.com\/fr\/wp-json\/wp\/v2\/product\/830706","targetHints":{"allow":["GET"]}}],"collection":[{"href":"https:\/\/lucacastelli.com\/fr\/wp-json\/wp\/v2\/product"}],"about":[{"href":"https:\/\/lucacastelli.com\/fr\/wp-json\/wp\/v2\/types\/product"}],"wp:featuredmedia":[{"embeddable":true,"href":"https:\/\/lucacastelli.com\/fr\/wp-json\/wp\/v2\/media\/554956"}],"wp:attachment":[{"href":"https:\/\/lucacastelli.com\/fr\/wp-json\/wp\/v2\/media?parent=830706"}],"wp:term":[{"taxonomy":"product_brand","embeddable":true,"href":"https:\/\/lucacastelli.com\/fr\/wp-json\/wp\/v2\/product_brand?post=830706"},{"taxonomy":"product_cat","embeddable":true,"href":"https:\/\/lucacastelli.com\/fr\/wp-json\/wp\/v2\/product_cat?post=830706"},{"taxonomy":"product_tag","embeddable":true,"href":"https:\/\/lucacastelli.com\/fr\/wp-json\/wp\/v2\/product_tag?post=830706"}],"curies":[{"name":"wp","href":"https:\/\/api.w.org\/{rel}","templated":true}]}}