{"id":830703,"date":"2025-08-08T18:15:51","date_gmt":"2025-08-08T16:15:51","guid":{"rendered":"https:\/\/lucacastelli.com\/prodotto\/milwaukee-set-de-scies-cloches-contractor\/"},"modified":"2025-08-08T18:15:51","modified_gmt":"2025-08-08T16:15:51","slug":"milwaukee-set-de-scies-cloches-contractor","status":"publish","type":"product","link":"https:\/\/lucacastelli.com\/fr\/produit\/milwaukee-set-de-scies-cloches-contractor\/","title":{"rendered":"MILWAUKEE Set de scies cloches Contractor"},"content":{"rendered":"<p>SET DE SCIES CLOCHES 14 PCES CONTRACTOR 14pces<br \/>\nG\u00e9om\u00e9trie de denture variable 4\/6 dents par pouce pour des coupes rapides et une utilisation universelle ; Construction de denture bi-m\u00e9tal pour une dur\u00e9e de vie maximale ; Pour usage universel : acier, m\u00e9taux non ferreux, plaques de pl\u00e2tre, plastique<\/p>\n<p>4932464720<br \/>\n4058546226657<\/p>\n","protected":false},"excerpt":{"rendered":"<p>SET DE SCIES CLOCHES 14 PCES CONTRACTOR 14pces<\/p>\n","protected":false},"featured_media":529808,"template":"","meta":{"_seopress_robots_primary_cat":"","_seopress_titles_title":"","_seopress_titles_desc":"","_seopress_robots_index":""},"product_brand":[3407],"product_cat":[29,514,549,550],"product_tag":[3270],"class_list":{"0":"post-830703","1":"product","2":"type-product","3":"status-publish","4":"has-post-thumbnail","6":"product_brand-milwaukee","7":"product_cat-macchinari","8":"product_cat-altri-dispositivi","9":"product_cat-trapani-e-avvitatori","10":"product_cat-accessori-per-trapani-ed-avvitatori","11":"product_tag-import-milwau","12":"sws-conto-ricavi-merci-rivendita-macchinari-fr","13":"sws-gruppo-iva-iva81-fr","15":"first","16":"onbackorder","17":"shipping-taxable","18":"purchasable","19":"product-type-simple"},"_links":{"self":[{"href":"https:\/\/lucacastelli.com\/fr\/wp-json\/wp\/v2\/product\/830703","targetHints":{"allow":["GET"]}}],"collection":[{"href":"https:\/\/lucacastelli.com\/fr\/wp-json\/wp\/v2\/product"}],"about":[{"href":"https:\/\/lucacastelli.com\/fr\/wp-json\/wp\/v2\/types\/product"}],"wp:featuredmedia":[{"embeddable":true,"href":"https:\/\/lucacastelli.com\/fr\/wp-json\/wp\/v2\/media\/529808"}],"wp:attachment":[{"href":"https:\/\/lucacastelli.com\/fr\/wp-json\/wp\/v2\/media?parent=830703"}],"wp:term":[{"taxonomy":"product_brand","embeddable":true,"href":"https:\/\/lucacastelli.com\/fr\/wp-json\/wp\/v2\/product_brand?post=830703"},{"taxonomy":"product_cat","embeddable":true,"href":"https:\/\/lucacastelli.com\/fr\/wp-json\/wp\/v2\/product_cat?post=830703"},{"taxonomy":"product_tag","embeddable":true,"href":"https:\/\/lucacastelli.com\/fr\/wp-json\/wp\/v2\/product_tag?post=830703"}],"curies":[{"name":"wp","href":"https:\/\/api.w.org\/{rel}","templated":true}]}}