{"id":830696,"date":"2025-08-08T18:33:43","date_gmt":"2025-08-08T16:33:43","guid":{"rendered":"https:\/\/lucacastelli.com\/prodotto\/milwaukee-set-de-4-lames-flottantes-pour-taloche-mx-fuel-900-mm\/"},"modified":"2025-08-08T18:33:43","modified_gmt":"2025-08-08T16:33:43","slug":"milwaukee-set-de-4-lames-flottantes-pour-taloche-mx-fuel-900-mm","status":"publish","type":"product","link":"https:\/\/lucacastelli.com\/fr\/produit\/milwaukee-set-de-4-lames-flottantes-pour-taloche-mx-fuel-900-mm\/","title":{"rendered":"MILWAUKEE Set de 4 lames flottantes pour Taloche MX FUEL\u2122 900 mm"},"content":{"rendered":"<p>Set de 4 lames flottantes MXFWBT90 900 mm<br \/>\nPatins de lissage pour taloche MX FUEL\u2122 900 ;En alternative aux disques de lissage, les patins de lissage peuvent \u00eatre mont\u00e9s sur les lames de polissage existantes ;Fabriqu\u00e9s en acier pour usage intensif<\/p>\n<p>4932498922<br \/>\n4058546527914<\/p>\n","protected":false},"excerpt":{"rendered":"<p>Set de 4 lames flottantes MXFWBT90 900 mm<\/p>\n","protected":false},"featured_media":599637,"template":"","meta":{"_seopress_robots_primary_cat":"","_seopress_titles_title":"","_seopress_titles_desc":"","_seopress_robots_index":""},"product_brand":[3407],"product_cat":[5416,33],"product_tag":[3270],"class_list":{"0":"post-830696","1":"product","2":"type-product","3":"status-publish","4":"has-post-thumbnail","6":"product_brand-milwaukee","7":"product_cat-utensili-per-officina","8":"product_cat-attrezzature","9":"product_tag-import-milwau","10":"sws-conto-ricavi-merci-rivendita-macchinari-fr","11":"sws-gruppo-iva-iva81-fr","13":"first","14":"onbackorder","15":"sale","16":"shipping-taxable","17":"purchasable","18":"product-type-simple"},"_links":{"self":[{"href":"https:\/\/lucacastelli.com\/fr\/wp-json\/wp\/v2\/product\/830696","targetHints":{"allow":["GET"]}}],"collection":[{"href":"https:\/\/lucacastelli.com\/fr\/wp-json\/wp\/v2\/product"}],"about":[{"href":"https:\/\/lucacastelli.com\/fr\/wp-json\/wp\/v2\/types\/product"}],"wp:featuredmedia":[{"embeddable":true,"href":"https:\/\/lucacastelli.com\/fr\/wp-json\/wp\/v2\/media\/599637"}],"wp:attachment":[{"href":"https:\/\/lucacastelli.com\/fr\/wp-json\/wp\/v2\/media?parent=830696"}],"wp:term":[{"taxonomy":"product_brand","embeddable":true,"href":"https:\/\/lucacastelli.com\/fr\/wp-json\/wp\/v2\/product_brand?post=830696"},{"taxonomy":"product_cat","embeddable":true,"href":"https:\/\/lucacastelli.com\/fr\/wp-json\/wp\/v2\/product_cat?post=830696"},{"taxonomy":"product_tag","embeddable":true,"href":"https:\/\/lucacastelli.com\/fr\/wp-json\/wp\/v2\/product_tag?post=830696"}],"curies":[{"name":"wp","href":"https:\/\/api.w.org\/{rel}","templated":true}]}}