{"id":830688,"date":"2025-08-08T18:33:46","date_gmt":"2025-08-08T16:33:46","guid":{"rendered":"https:\/\/lucacastelli.com\/prodotto\/milwaukee-jeu-de-fraises-queue-12-6-pieces\/"},"modified":"2025-08-08T18:33:46","modified_gmt":"2025-08-08T16:33:46","slug":"milwaukee-jeu-de-fraises-queue-12-6-pieces","status":"publish","type":"product","link":"https:\/\/lucacastelli.com\/fr\/produit\/milwaukee-jeu-de-fraises-queue-12-6-pieces\/","title":{"rendered":"MILWAUKEE Jeu de fraises queue 12 &#8211; 6 pi\u00e8ces"},"content":{"rendered":"<p>JEU DE FRAISES 6 PCES QUEUE 12 MM<br \/>\nCarbure \u00e0 micrograins rectifi\u00e9 au diamant pour des tranchants plus aff\u00fbt\u00e9s, une meilleure finition et pour minimiser la formation de copeaux ; marquage laser des dimensions sur la queue pour faciliter l\u2019identification<\/p>\n<p>4932493578<br \/>\n4058546484491<\/p>\n","protected":false},"excerpt":{"rendered":"<p>JEU DE FRAISES 6 PCES QUEUE 12 MM<\/p>\n","protected":false},"featured_media":562720,"template":"","meta":{"_seopress_robots_primary_cat":"","_seopress_titles_title":"","_seopress_titles_desc":"","_seopress_robots_index":""},"product_brand":[3407],"product_cat":[5416,33],"product_tag":[3270],"class_list":{"0":"post-830688","1":"product","2":"type-product","3":"status-publish","4":"has-post-thumbnail","6":"product_brand-milwaukee","7":"product_cat-utensili-per-officina","8":"product_cat-attrezzature","9":"product_tag-import-milwau","10":"sws-conto-ricavi-merci-rivendita-macchinari-fr","11":"sws-gruppo-iva-iva81-fr","13":"first","14":"onbackorder","15":"sale","16":"shipping-taxable","17":"purchasable","18":"product-type-simple"},"_links":{"self":[{"href":"https:\/\/lucacastelli.com\/fr\/wp-json\/wp\/v2\/product\/830688","targetHints":{"allow":["GET"]}}],"collection":[{"href":"https:\/\/lucacastelli.com\/fr\/wp-json\/wp\/v2\/product"}],"about":[{"href":"https:\/\/lucacastelli.com\/fr\/wp-json\/wp\/v2\/types\/product"}],"wp:featuredmedia":[{"embeddable":true,"href":"https:\/\/lucacastelli.com\/fr\/wp-json\/wp\/v2\/media\/562720"}],"wp:attachment":[{"href":"https:\/\/lucacastelli.com\/fr\/wp-json\/wp\/v2\/media?parent=830688"}],"wp:term":[{"taxonomy":"product_brand","embeddable":true,"href":"https:\/\/lucacastelli.com\/fr\/wp-json\/wp\/v2\/product_brand?post=830688"},{"taxonomy":"product_cat","embeddable":true,"href":"https:\/\/lucacastelli.com\/fr\/wp-json\/wp\/v2\/product_cat?post=830688"},{"taxonomy":"product_tag","embeddable":true,"href":"https:\/\/lucacastelli.com\/fr\/wp-json\/wp\/v2\/product_tag?post=830688"}],"curies":[{"name":"wp","href":"https:\/\/api.w.org\/{rel}","templated":true}]}}