{"id":830683,"date":"2025-08-08T18:33:50","date_gmt":"2025-08-08T16:33:50","guid":{"rendered":"https:\/\/lucacastelli.com\/prodotto\/milwaukee-set-de-fraises-queue-127-mm-1-2%cb%9d-6-pieces\/"},"modified":"2025-08-08T18:33:50","modified_gmt":"2025-08-08T16:33:50","slug":"milwaukee-set-de-fraises-queue-127-mm-1-2%cb%9d-6-pieces","status":"publish","type":"product","link":"https:\/\/lucacastelli.com\/fr\/produit\/milwaukee-set-de-fraises-queue-127-mm-1-2%cb%9d-6-pieces\/","title":{"rendered":"MILWAUKEE Set de fraises queue 12,7 mm (1\/2\u02dd) &#8211; 6 pi\u00e8ces"},"content":{"rendered":"<p>SET DE FRAISES 6 PCS QUEUE 12,7 MM<br \/>\nM\u00e8ches avec queue de 12,7 mm (1\/2 pouce) avec tranchant en carbure de qualit\u00e9 industrielle ; Carbure rectifi\u00e9 au diamant \u00e0 micrograin pour obtenir des ar\u00eates plus aff\u00fbt\u00e9es pour une meilleure finition et moins d&#8217;\u00e9clats<\/p>\n<p>4932493579<br \/>\n4058546484507<\/p>\n","protected":false},"excerpt":{"rendered":"<p>SET DE FRAISES 6 PCS QUEUE 12,7 MM<\/p>\n","protected":false},"featured_media":562725,"template":"","meta":{"_seopress_robots_primary_cat":"","_seopress_titles_title":"","_seopress_titles_desc":"","_seopress_robots_index":""},"product_brand":[3407],"product_cat":[5416,33],"product_tag":[3270],"class_list":{"0":"post-830683","1":"product","2":"type-product","3":"status-publish","4":"has-post-thumbnail","6":"product_brand-milwaukee","7":"product_cat-utensili-per-officina","8":"product_cat-attrezzature","9":"product_tag-import-milwau","10":"sws-conto-ricavi-merci-rivendita-macchinari-fr","11":"sws-gruppo-iva-iva81-fr","13":"first","14":"onbackorder","15":"sale","16":"shipping-taxable","17":"purchasable","18":"product-type-simple"},"_links":{"self":[{"href":"https:\/\/lucacastelli.com\/fr\/wp-json\/wp\/v2\/product\/830683","targetHints":{"allow":["GET"]}}],"collection":[{"href":"https:\/\/lucacastelli.com\/fr\/wp-json\/wp\/v2\/product"}],"about":[{"href":"https:\/\/lucacastelli.com\/fr\/wp-json\/wp\/v2\/types\/product"}],"wp:featuredmedia":[{"embeddable":true,"href":"https:\/\/lucacastelli.com\/fr\/wp-json\/wp\/v2\/media\/562725"}],"wp:attachment":[{"href":"https:\/\/lucacastelli.com\/fr\/wp-json\/wp\/v2\/media?parent=830683"}],"wp:term":[{"taxonomy":"product_brand","embeddable":true,"href":"https:\/\/lucacastelli.com\/fr\/wp-json\/wp\/v2\/product_brand?post=830683"},{"taxonomy":"product_cat","embeddable":true,"href":"https:\/\/lucacastelli.com\/fr\/wp-json\/wp\/v2\/product_cat?post=830683"},{"taxonomy":"product_tag","embeddable":true,"href":"https:\/\/lucacastelli.com\/fr\/wp-json\/wp\/v2\/product_tag?post=830683"}],"curies":[{"name":"wp","href":"https:\/\/api.w.org\/{rel}","templated":true}]}}