{"id":830680,"date":"2025-08-08T18:33:52","date_gmt":"2025-08-08T16:33:52","guid":{"rendered":"https:\/\/lucacastelli.com\/prodotto\/milwaukee-set-doutils-isoles-1000v-n2-en-module-souple-4-pieces\/"},"modified":"2025-08-08T18:33:52","modified_gmt":"2025-08-08T16:33:52","slug":"milwaukee-set-doutils-isoles-1000v-n2-en-module-souple-4-pieces","status":"publish","type":"product","link":"https:\/\/lucacastelli.com\/fr\/produit\/milwaukee-set-doutils-isoles-1000v-n2-en-module-souple-4-pieces\/","title":{"rendered":"MILWAUKEE Set d&#8217;outils isol\u00e9s 1000V n\u00b02 en module souple &#8211; 4 pi\u00e8ces"},"content":{"rendered":"<p>SET D&#8217;OUTILS ISOL\u00c9S 1000V N\u00b02 MOD.SOUPLE<br \/>\nInsert pour chariot \u00e0 outils de 30 pouces \/ 78 cm;Outils certifi\u00e9s VDE (DIN EN\/IEC 60900). Test\u00e9s jusqu&#8217;\u00e0 10 000V et garantis jusqu&#8217;\u00e0 1 000V;Les lames en acier sont enti\u00e8rement forg\u00e9es et tremp\u00e9es pour une durabilit\u00e9 maximale;Tranchants tremp\u00e9s par induction;Transmission de puissance am\u00e9lior\u00e9e;Prise ergonomique <\/p>\n<p>4932493460<br \/>\n4058546483319<\/p>\n","protected":false},"excerpt":{"rendered":"<p>SET D&#8217;OUTILS ISOL\u00c9S 1000V N\u00b02 MOD.SOUPLE<\/p>\n","protected":false},"featured_media":562422,"template":"","meta":{"_seopress_robots_primary_cat":"","_seopress_titles_title":"","_seopress_titles_desc":"","_seopress_robots_index":""},"product_brand":[3407],"product_cat":[5416,33],"product_tag":[3270],"class_list":{"0":"post-830680","1":"product","2":"type-product","3":"status-publish","4":"has-post-thumbnail","6":"product_brand-milwaukee","7":"product_cat-utensili-per-officina","8":"product_cat-attrezzature","9":"product_tag-import-milwau","10":"sws-conto-ricavi-merci-rivendita-macchinari-fr","11":"sws-gruppo-iva-iva81-fr","13":"first","14":"onbackorder","15":"sale","16":"shipping-taxable","17":"purchasable","18":"product-type-simple"},"_links":{"self":[{"href":"https:\/\/lucacastelli.com\/fr\/wp-json\/wp\/v2\/product\/830680","targetHints":{"allow":["GET"]}}],"collection":[{"href":"https:\/\/lucacastelli.com\/fr\/wp-json\/wp\/v2\/product"}],"about":[{"href":"https:\/\/lucacastelli.com\/fr\/wp-json\/wp\/v2\/types\/product"}],"wp:featuredmedia":[{"embeddable":true,"href":"https:\/\/lucacastelli.com\/fr\/wp-json\/wp\/v2\/media\/562422"}],"wp:attachment":[{"href":"https:\/\/lucacastelli.com\/fr\/wp-json\/wp\/v2\/media?parent=830680"}],"wp:term":[{"taxonomy":"product_brand","embeddable":true,"href":"https:\/\/lucacastelli.com\/fr\/wp-json\/wp\/v2\/product_brand?post=830680"},{"taxonomy":"product_cat","embeddable":true,"href":"https:\/\/lucacastelli.com\/fr\/wp-json\/wp\/v2\/product_cat?post=830680"},{"taxonomy":"product_tag","embeddable":true,"href":"https:\/\/lucacastelli.com\/fr\/wp-json\/wp\/v2\/product_tag?post=830680"}],"curies":[{"name":"wp","href":"https:\/\/api.w.org\/{rel}","templated":true}]}}