{"id":830673,"date":"2025-08-08T18:33:31","date_gmt":"2025-08-08T16:33:31","guid":{"rendered":"https:\/\/lucacastelli.com\/prodotto\/milwaukee-coffret-vide-pour-lames-multifonctions\/"},"modified":"2025-08-08T18:33:31","modified_gmt":"2025-08-08T16:33:31","slug":"milwaukee-coffret-vide-pour-lames-multifonctions","status":"publish","type":"product","link":"https:\/\/lucacastelli.com\/fr\/produit\/milwaukee-coffret-vide-pour-lames-multifonctions\/","title":{"rendered":"MILWAUKEE Coffret vide pour lames multifonctions"},"content":{"rendered":"<p>OMT Blade Case-1pc<br \/>\nBo\u00eete de rangement, vide, pour lames d\u2019outils multifonctions ; les broches de fixation peuvent \u00eatre retir\u00e9es par rotation et ins\u00e9r\u00e9es ailleurs ; le bo\u00eetier dispose d\u2019un espace pour 6 broches de fixation, chacune pouvant contenir jusqu\u2019\u00e0 5 lames<\/p>\n<p>4932479838<br \/>\n4058546376321<\/p>\n","protected":false},"excerpt":{"rendered":"<p>OMT Blade Case-1pc<\/p>\n","protected":false},"featured_media":544926,"template":"","meta":{"_seopress_robots_primary_cat":"","_seopress_titles_title":"","_seopress_titles_desc":"","_seopress_robots_index":""},"product_brand":[3407],"product_cat":[5416,33],"product_tag":[3270],"class_list":{"0":"post-830673","1":"product","2":"type-product","3":"status-publish","4":"has-post-thumbnail","6":"product_brand-milwaukee","7":"product_cat-utensili-per-officina","8":"product_cat-attrezzature","9":"product_tag-import-milwau","10":"sws-conto-ricavi-merci-rivendita-macchinari-fr","11":"sws-gruppo-iva-iva81-fr","13":"first","14":"onbackorder","15":"sale","16":"shipping-taxable","17":"purchasable","18":"product-type-simple"},"_links":{"self":[{"href":"https:\/\/lucacastelli.com\/fr\/wp-json\/wp\/v2\/product\/830673","targetHints":{"allow":["GET"]}}],"collection":[{"href":"https:\/\/lucacastelli.com\/fr\/wp-json\/wp\/v2\/product"}],"about":[{"href":"https:\/\/lucacastelli.com\/fr\/wp-json\/wp\/v2\/types\/product"}],"wp:featuredmedia":[{"embeddable":true,"href":"https:\/\/lucacastelli.com\/fr\/wp-json\/wp\/v2\/media\/544926"}],"wp:attachment":[{"href":"https:\/\/lucacastelli.com\/fr\/wp-json\/wp\/v2\/media?parent=830673"}],"wp:term":[{"taxonomy":"product_brand","embeddable":true,"href":"https:\/\/lucacastelli.com\/fr\/wp-json\/wp\/v2\/product_brand?post=830673"},{"taxonomy":"product_cat","embeddable":true,"href":"https:\/\/lucacastelli.com\/fr\/wp-json\/wp\/v2\/product_cat?post=830673"},{"taxonomy":"product_tag","embeddable":true,"href":"https:\/\/lucacastelli.com\/fr\/wp-json\/wp\/v2\/product_tag?post=830673"}],"curies":[{"name":"wp","href":"https:\/\/api.w.org\/{rel}","templated":true}]}}