{"id":830669,"date":"2025-08-08T18:33:34","date_gmt":"2025-08-08T16:33:34","guid":{"rendered":"https:\/\/lucacastelli.com\/prodotto\/milwaukee-jeu-de-rallonges-carre-3-8%cb%9d\/"},"modified":"2025-08-08T18:33:34","modified_gmt":"2025-08-08T16:33:34","slug":"milwaukee-jeu-de-rallonges-carre-3-8%cb%9d","status":"publish","type":"product","link":"https:\/\/lucacastelli.com\/fr\/produit\/milwaukee-jeu-de-rallonges-carre-3-8%cb%9d\/","title":{"rendered":"MILWAUKEE Jeu de rallonges carr\u00e9 3\/8\u02dd"},"content":{"rendered":"<p>JEU DE 4 RALLONGES 3\/8&#8221;<br \/>\nPoign\u00e9e molet\u00e9e pour une meilleure prise lors des travaux manuels ; marquage des dimensions pour une identification facile ; solution de rangement compacte pour un stockage id\u00e9al ; le chromage de haute qualit\u00e9 offre une protection id\u00e9ale contre la rouille<\/p>\n<p>4932480638<br \/>\n4058546409234<\/p>\n","protected":false},"excerpt":{"rendered":"<p>JEU DE 4 RALLONGES 3\/8&#8221;<\/p>\n","protected":false},"featured_media":553036,"template":"","meta":{"_seopress_robots_primary_cat":"","_seopress_titles_title":"","_seopress_titles_desc":"","_seopress_robots_index":""},"product_brand":[3658],"product_cat":[5417,144],"product_tag":[3270],"class_list":{"0":"post-830669","1":"product","2":"type-product","3":"status-publish","4":"has-post-thumbnail","6":"product_brand-milwaukee-fr","7":"product_cat-outils-pour-atelier","8":"product_cat-equipement","9":"product_tag-import-milwau","10":"sws-conto-ricavi-merci-rivendita-macchinari-fr","11":"sws-gruppo-iva-iva81-fr","13":"first","14":"onbackorder","15":"sale","16":"shipping-taxable","17":"purchasable","18":"product-type-simple"},"_links":{"self":[{"href":"https:\/\/lucacastelli.com\/fr\/wp-json\/wp\/v2\/product\/830669","targetHints":{"allow":["GET"]}}],"collection":[{"href":"https:\/\/lucacastelli.com\/fr\/wp-json\/wp\/v2\/product"}],"about":[{"href":"https:\/\/lucacastelli.com\/fr\/wp-json\/wp\/v2\/types\/product"}],"wp:featuredmedia":[{"embeddable":true,"href":"https:\/\/lucacastelli.com\/fr\/wp-json\/wp\/v2\/media\/553036"}],"wp:attachment":[{"href":"https:\/\/lucacastelli.com\/fr\/wp-json\/wp\/v2\/media?parent=830669"}],"wp:term":[{"taxonomy":"product_brand","embeddable":true,"href":"https:\/\/lucacastelli.com\/fr\/wp-json\/wp\/v2\/product_brand?post=830669"},{"taxonomy":"product_cat","embeddable":true,"href":"https:\/\/lucacastelli.com\/fr\/wp-json\/wp\/v2\/product_cat?post=830669"},{"taxonomy":"product_tag","embeddable":true,"href":"https:\/\/lucacastelli.com\/fr\/wp-json\/wp\/v2\/product_tag?post=830669"}],"curies":[{"name":"wp","href":"https:\/\/api.w.org\/{rel}","templated":true}]}}