{"id":830667,"date":"2025-08-08T18:33:33","date_gmt":"2025-08-08T16:33:33","guid":{"rendered":"https:\/\/lucacastelli.com\/prodotto\/milwaukee-jeu-de-rallonges-oscillantes-%c2%bc%e2%80%b3\/"},"modified":"2025-08-08T18:33:33","modified_gmt":"2025-08-08T16:33:33","slug":"milwaukee-jeu-de-rallonges-oscillantes-%c2%bc%e2%80%b3","status":"publish","type":"product","link":"https:\/\/lucacastelli.com\/fr\/produit\/milwaukee-jeu-de-rallonges-oscillantes-%c2%bc%e2%80%b3\/","title":{"rendered":"MILWAUKEE Jeu de rallonges oscillantes \u00bc\u2033"},"content":{"rendered":"<p>Jeu de 4 rallonges oscillantes \u00bc\u2033<br \/>\nLa fonction oscillante offre un acc\u00e8s id\u00e9al aux espaces restreints et peut \u00e9galement \u00eatre utilis\u00e9e comme rallonge standard ; Zone de pr\u00e9hension molet\u00e9e pour une meilleure prise lors du travail manuel ; Solution compacte pour un rangement id\u00e9al ; Le chromage de haute qualit\u00e9 offre une protection id\u00e9ale contre la rouille ; Marquage de la taille pour une identification facile<\/p>\n<p>4932480640<br \/>\n4058546409258<\/p>\n","protected":false},"excerpt":{"rendered":"<p>Jeu de 4 rallonges oscillantes \u00bc\u2033<\/p>\n","protected":false},"featured_media":553074,"template":"","meta":{"_seopress_robots_primary_cat":"","_seopress_titles_title":"","_seopress_titles_desc":"","_seopress_robots_index":""},"product_brand":[3407],"product_cat":[5416,33],"product_tag":[3270],"class_list":{"0":"post-830667","1":"product","2":"type-product","3":"status-publish","4":"has-post-thumbnail","6":"product_brand-milwaukee","7":"product_cat-utensili-per-officina","8":"product_cat-attrezzature","9":"product_tag-import-milwau","10":"sws-conto-ricavi-merci-rivendita-macchinari-fr","11":"sws-gruppo-iva-iva81-fr","13":"first","14":"onbackorder","15":"sale","16":"shipping-taxable","17":"purchasable","18":"product-type-simple"},"_links":{"self":[{"href":"https:\/\/lucacastelli.com\/fr\/wp-json\/wp\/v2\/product\/830667","targetHints":{"allow":["GET"]}}],"collection":[{"href":"https:\/\/lucacastelli.com\/fr\/wp-json\/wp\/v2\/product"}],"about":[{"href":"https:\/\/lucacastelli.com\/fr\/wp-json\/wp\/v2\/types\/product"}],"wp:featuredmedia":[{"embeddable":true,"href":"https:\/\/lucacastelli.com\/fr\/wp-json\/wp\/v2\/media\/553074"}],"wp:attachment":[{"href":"https:\/\/lucacastelli.com\/fr\/wp-json\/wp\/v2\/media?parent=830667"}],"wp:term":[{"taxonomy":"product_brand","embeddable":true,"href":"https:\/\/lucacastelli.com\/fr\/wp-json\/wp\/v2\/product_brand?post=830667"},{"taxonomy":"product_cat","embeddable":true,"href":"https:\/\/lucacastelli.com\/fr\/wp-json\/wp\/v2\/product_cat?post=830667"},{"taxonomy":"product_tag","embeddable":true,"href":"https:\/\/lucacastelli.com\/fr\/wp-json\/wp\/v2\/product_tag?post=830667"}],"curies":[{"name":"wp","href":"https:\/\/api.w.org\/{rel}","templated":true}]}}