{"id":830663,"date":"2025-08-08T18:33:36","date_gmt":"2025-08-08T16:33:36","guid":{"rendered":"https:\/\/lucacastelli.com\/prodotto\/milwaukee-set-de-rallonges-1-2%cb%9d-carre\/"},"modified":"2025-08-08T18:33:36","modified_gmt":"2025-08-08T16:33:36","slug":"milwaukee-set-de-rallonges-1-2%cb%9d-carre","status":"publish","type":"product","link":"https:\/\/lucacastelli.com\/fr\/produit\/milwaukee-set-de-rallonges-1-2%cb%9d-carre\/","title":{"rendered":"MILWAUKEE Set de rallonges 1\/2\u02dd carr\u00e9"},"content":{"rendered":"<p>SET 4 PCS RALLONGES 1\/2&#8221;<br \/>\nPoign\u00e9e molet\u00e9e pour une meilleure prise en main lors des travaux manuels ; indication des dimensions imprim\u00e9e pour une bonne identification ; solution de rangement compacte pour un stockage id\u00e9al ; le chromage de haute qualit\u00e9 offre une protection id\u00e9ale contre la rouille<\/p>\n<p>4932480639<br \/>\n4058546409241<\/p>\n","protected":false},"excerpt":{"rendered":"<p>SET 4 PCS RALLONGES 1\/2&#8221;<\/p>\n","protected":false},"featured_media":553057,"template":"","meta":{"_seopress_robots_primary_cat":"","_seopress_titles_title":"","_seopress_titles_desc":"","_seopress_robots_index":""},"product_brand":[3407],"product_cat":[5416,33],"product_tag":[3270],"class_list":{"0":"post-830663","1":"product","2":"type-product","3":"status-publish","4":"has-post-thumbnail","6":"product_brand-milwaukee","7":"product_cat-utensili-per-officina","8":"product_cat-attrezzature","9":"product_tag-import-milwau","10":"sws-conto-ricavi-merci-rivendita-macchinari-fr","11":"sws-gruppo-iva-iva81-fr","13":"first","14":"onbackorder","15":"sale","16":"shipping-taxable","17":"purchasable","18":"product-type-simple"},"_links":{"self":[{"href":"https:\/\/lucacastelli.com\/fr\/wp-json\/wp\/v2\/product\/830663","targetHints":{"allow":["GET"]}}],"collection":[{"href":"https:\/\/lucacastelli.com\/fr\/wp-json\/wp\/v2\/product"}],"about":[{"href":"https:\/\/lucacastelli.com\/fr\/wp-json\/wp\/v2\/types\/product"}],"wp:featuredmedia":[{"embeddable":true,"href":"https:\/\/lucacastelli.com\/fr\/wp-json\/wp\/v2\/media\/553057"}],"wp:attachment":[{"href":"https:\/\/lucacastelli.com\/fr\/wp-json\/wp\/v2\/media?parent=830663"}],"wp:term":[{"taxonomy":"product_brand","embeddable":true,"href":"https:\/\/lucacastelli.com\/fr\/wp-json\/wp\/v2\/product_brand?post=830663"},{"taxonomy":"product_cat","embeddable":true,"href":"https:\/\/lucacastelli.com\/fr\/wp-json\/wp\/v2\/product_cat?post=830663"},{"taxonomy":"product_tag","embeddable":true,"href":"https:\/\/lucacastelli.com\/fr\/wp-json\/wp\/v2\/product_tag?post=830663"}],"curies":[{"name":"wp","href":"https:\/\/api.w.org\/{rel}","templated":true}]}}