{"id":830659,"date":"2025-08-08T18:15:53","date_gmt":"2025-08-08T16:15:53","guid":{"rendered":"https:\/\/lucacastelli.com\/prodotto\/milwaukee-set-scies-cloches-multimateriaux-big-hawg\/"},"modified":"2025-08-08T18:15:53","modified_gmt":"2025-08-08T16:15:53","slug":"milwaukee-set-scies-cloches-multimateriaux-big-hawg","status":"publish","type":"product","link":"https:\/\/lucacastelli.com\/fr\/produit\/milwaukee-set-scies-cloches-multimateriaux-big-hawg\/","title":{"rendered":"MILWAUKEE Set scies-cloches multimat\u00e9riaux BIG HAWG\u2122"},"content":{"rendered":"<p>SET SCIES-CLOCHES &#8211; MULTIMAT\u00c9RIAUX 10 pcs<br \/>\nLes scies-cloches multimat\u00e9riaux BIG HAWG\u2122 sont id\u00e9ales pour les \u00e9lectriciens, charpentiers, monteurs de plans de cuisine et tous les op\u00e9rateurs travaillant avec la plomberie, les syst\u00e8mes de ventilation et de chauffage ; Con\u00e7ues pour l&#8217;utilisation sur une large vari\u00e9t\u00e9 de mat\u00e9riaux ; Briques &#8211; utilisable sur briques pleines tendres et briques creuses tendres ; B\u00e9ton cellulaire, blocs d&#8217;agr\u00e9gats l\u00e9gers et briques de ciment ; Gr\u00e8s \u00e0 faible densit\u00e9, briques avec duret\u00e9 \u00e9gale \u00e0 30 N\/mm\u00b2 ; Bois tendre, bois r\u00e9sineux, agglom\u00e9r\u00e9 et contreplaqu\u00e9, panneaux MDF ; Plastique ; Pl\u00e2tre \/ plaques de pl\u00e2tre<\/p>\n<p>4932464939<br \/>\n4058546228842<\/p>\n","protected":false},"excerpt":{"rendered":"<p>SET SCIES-CLOCHES &#8211; MULTIMAT\u00c9RIAUX 10 pcs<\/p>\n","protected":false},"featured_media":530277,"template":"","meta":{"_seopress_robots_primary_cat":"","_seopress_titles_title":"","_seopress_titles_desc":"","_seopress_robots_index":""},"product_brand":[3407],"product_cat":[29,514,549,550],"product_tag":[3270],"class_list":{"0":"post-830659","1":"product","2":"type-product","3":"status-publish","4":"has-post-thumbnail","6":"product_brand-milwaukee","7":"product_cat-macchinari","8":"product_cat-altri-dispositivi","9":"product_cat-trapani-e-avvitatori","10":"product_cat-accessori-per-trapani-ed-avvitatori","11":"product_tag-import-milwau","12":"sws-conto-ricavi-merci-rivendita-macchinari-fr","13":"sws-gruppo-iva-iva81-fr","15":"first","16":"onbackorder","17":"shipping-taxable","18":"purchasable","19":"product-type-simple"},"_links":{"self":[{"href":"https:\/\/lucacastelli.com\/fr\/wp-json\/wp\/v2\/product\/830659","targetHints":{"allow":["GET"]}}],"collection":[{"href":"https:\/\/lucacastelli.com\/fr\/wp-json\/wp\/v2\/product"}],"about":[{"href":"https:\/\/lucacastelli.com\/fr\/wp-json\/wp\/v2\/types\/product"}],"wp:featuredmedia":[{"embeddable":true,"href":"https:\/\/lucacastelli.com\/fr\/wp-json\/wp\/v2\/media\/530277"}],"wp:attachment":[{"href":"https:\/\/lucacastelli.com\/fr\/wp-json\/wp\/v2\/media?parent=830659"}],"wp:term":[{"taxonomy":"product_brand","embeddable":true,"href":"https:\/\/lucacastelli.com\/fr\/wp-json\/wp\/v2\/product_brand?post=830659"},{"taxonomy":"product_cat","embeddable":true,"href":"https:\/\/lucacastelli.com\/fr\/wp-json\/wp\/v2\/product_cat?post=830659"},{"taxonomy":"product_tag","embeddable":true,"href":"https:\/\/lucacastelli.com\/fr\/wp-json\/wp\/v2\/product_tag?post=830659"}],"curies":[{"name":"wp","href":"https:\/\/api.w.org\/{rel}","templated":true}]}}