{"id":830651,"date":"2025-08-08T18:08:01","date_gmt":"2025-08-08T16:08:01","guid":{"rendered":"https:\/\/lucacastelli.com\/prodotto\/milwaukee-meches-selfeed-bits-switchblade\/"},"modified":"2025-08-08T18:08:01","modified_gmt":"2025-08-08T16:08:01","slug":"milwaukee-meches-selfeed-bits-switchblade","status":"publish","type":"product","link":"https:\/\/lucacastelli.com\/fr\/produit\/milwaukee-meches-selfeed-bits-switchblade\/","title":{"rendered":"MILWAUKEE M\u00e8ches selfeed bits SWITCHBLADE"},"content":{"rendered":"<p>SELFEED BIT 29 MM<br \/>\nToutes les dimensions sont disponibles avec vis sans fin amovibles et rempla\u00e7ables ; Deux vis sans fin fournies avec chaque m\u00e8che ; Simplicit\u00e9 et rapidit\u00e9 sont les caract\u00e9ristiques de cette m\u00e8che ; Coupe rapide, facile et nette ; Chaque selfeed bit est fourni avec 2 x vis d&#8217;avancement &#8211; filetage r\u00e9gulier, 1 x jeu de vis, 1 x cl\u00e9 Allen 5\/32 douani\u00e8re<\/p>\n<p>4932479479<br \/>\n4058546372736<\/p>\n","protected":false},"excerpt":{"rendered":"<p>SELFEED BIT 29 MM<\/p>\n","protected":false},"featured_media":543951,"template":"","meta":{"_seopress_robots_primary_cat":"","_seopress_titles_title":"","_seopress_titles_desc":"","_seopress_robots_index":""},"product_brand":[3407],"product_cat":[29,514,549,550],"product_tag":[3270],"class_list":{"0":"post-830651","1":"product","2":"type-product","3":"status-publish","4":"has-post-thumbnail","6":"product_brand-milwaukee","7":"product_cat-macchinari","8":"product_cat-altri-dispositivi","9":"product_cat-trapani-e-avvitatori","10":"product_cat-accessori-per-trapani-ed-avvitatori","11":"product_tag-import-milwau","12":"sws-conto-ricavi-merci-rivendita-macchinari-fr","13":"sws-gruppo-iva-iva81-fr","15":"first","16":"onbackorder","17":"sale","18":"shipping-taxable","19":"purchasable","20":"product-type-simple"},"_links":{"self":[{"href":"https:\/\/lucacastelli.com\/fr\/wp-json\/wp\/v2\/product\/830651","targetHints":{"allow":["GET"]}}],"collection":[{"href":"https:\/\/lucacastelli.com\/fr\/wp-json\/wp\/v2\/product"}],"about":[{"href":"https:\/\/lucacastelli.com\/fr\/wp-json\/wp\/v2\/types\/product"}],"wp:featuredmedia":[{"embeddable":true,"href":"https:\/\/lucacastelli.com\/fr\/wp-json\/wp\/v2\/media\/543951"}],"wp:attachment":[{"href":"https:\/\/lucacastelli.com\/fr\/wp-json\/wp\/v2\/media?parent=830651"}],"wp:term":[{"taxonomy":"product_brand","embeddable":true,"href":"https:\/\/lucacastelli.com\/fr\/wp-json\/wp\/v2\/product_brand?post=830651"},{"taxonomy":"product_cat","embeddable":true,"href":"https:\/\/lucacastelli.com\/fr\/wp-json\/wp\/v2\/product_cat?post=830651"},{"taxonomy":"product_tag","embeddable":true,"href":"https:\/\/lucacastelli.com\/fr\/wp-json\/wp\/v2\/product_tag?post=830651"}],"curies":[{"name":"wp","href":"https:\/\/api.w.org\/{rel}","templated":true}]}}