{"id":830645,"date":"2025-08-08T18:08:03","date_gmt":"2025-08-08T16:08:03","guid":{"rendered":"https:\/\/lucacastelli.com\/prodotto\/milwaukee-meches-a-auto-avance-switchblade\/"},"modified":"2025-08-08T18:08:03","modified_gmt":"2025-08-08T16:08:03","slug":"milwaukee-meches-a-auto-avance-switchblade","status":"publish","type":"product","link":"https:\/\/lucacastelli.com\/fr\/produit\/milwaukee-meches-a-auto-avance-switchblade\/","title":{"rendered":"MILWAUKEE M\u00e8ches \u00e0 auto-avance SWITCHBLADE"},"content":{"rendered":"<p>M\u00e8che \u00e0 bois \u00e0 auto-avance 35 mm &#8211; 1 pce<br \/>\nToutes les tailles sont disponibles avec des vis sans fin amovibles et rempla\u00e7ables ; Deux vis sans fin fournies avec chaque m\u00e8che ; Simplicit\u00e9 et rapidit\u00e9 sont les caract\u00e9ristiques de cette m\u00e8che ; Coupe rapide, facile et propre ; Chaque m\u00e8che \u00e0 auto-avance est fournie avec 2 x vis d\u2019avance &#8211; filetage standard, 1 x jeu de vis, 1 x cl\u00e9 Allen 5\/32<\/p>\n<p>4932479481<br \/>\n4058546372750<\/p>\n","protected":false},"excerpt":{"rendered":"<p>M\u00e8che \u00e0 bois \u00e0 auto-avance 35 mm &#8211; 1 pce<\/p>\n","protected":false},"featured_media":543961,"template":"","meta":{"_seopress_robots_primary_cat":"","_seopress_titles_title":"","_seopress_titles_desc":"","_seopress_robots_index":""},"product_brand":[3407],"product_cat":[29,514,549,550],"product_tag":[3270],"class_list":{"0":"post-830645","1":"product","2":"type-product","3":"status-publish","4":"has-post-thumbnail","6":"product_brand-milwaukee","7":"product_cat-macchinari","8":"product_cat-altri-dispositivi","9":"product_cat-trapani-e-avvitatori","10":"product_cat-accessori-per-trapani-ed-avvitatori","11":"product_tag-import-milwau","12":"sws-conto-ricavi-merci-rivendita-macchinari-fr","13":"sws-gruppo-iva-iva81-fr","15":"first","16":"onbackorder","17":"sale","18":"shipping-taxable","19":"purchasable","20":"product-type-simple"},"_links":{"self":[{"href":"https:\/\/lucacastelli.com\/fr\/wp-json\/wp\/v2\/product\/830645","targetHints":{"allow":["GET"]}}],"collection":[{"href":"https:\/\/lucacastelli.com\/fr\/wp-json\/wp\/v2\/product"}],"about":[{"href":"https:\/\/lucacastelli.com\/fr\/wp-json\/wp\/v2\/types\/product"}],"wp:featuredmedia":[{"embeddable":true,"href":"https:\/\/lucacastelli.com\/fr\/wp-json\/wp\/v2\/media\/543961"}],"wp:attachment":[{"href":"https:\/\/lucacastelli.com\/fr\/wp-json\/wp\/v2\/media?parent=830645"}],"wp:term":[{"taxonomy":"product_brand","embeddable":true,"href":"https:\/\/lucacastelli.com\/fr\/wp-json\/wp\/v2\/product_brand?post=830645"},{"taxonomy":"product_cat","embeddable":true,"href":"https:\/\/lucacastelli.com\/fr\/wp-json\/wp\/v2\/product_cat?post=830645"},{"taxonomy":"product_tag","embeddable":true,"href":"https:\/\/lucacastelli.com\/fr\/wp-json\/wp\/v2\/product_tag?post=830645"}],"curies":[{"name":"wp","href":"https:\/\/api.w.org\/{rel}","templated":true}]}}