{"id":830636,"date":"2025-08-08T18:33:54","date_gmt":"2025-08-08T16:33:54","guid":{"rendered":"https:\/\/lucacastelli.com\/prodotto\/milwaukee-set-doutils-generiques-en-module-souple\/"},"modified":"2025-08-08T18:33:54","modified_gmt":"2025-08-08T16:33:54","slug":"milwaukee-set-doutils-generiques-en-module-souple","status":"publish","type":"product","link":"https:\/\/lucacastelli.com\/fr\/produit\/milwaukee-set-doutils-generiques-en-module-souple\/","title":{"rendered":"MILWAUKEE Set d&#8217;outils g\u00e9n\u00e9riques en module souple"},"content":{"rendered":"<p>SET D&#8217;OUTILS G\u00c9N\u00c9RIQUES MODULE SOUPLE<br \/>\nSet de cl\u00e9s hexagonales longues \u00e0 t\u00eate sph\u00e9rique : Extr\u00e9mit\u00e9 sph\u00e9rique pour un acc\u00e8s \u00e0 la vis jusqu&#8217;\u00e0 30\u00b0 d&#8217;inclinaison ; Pinces : Pointes tremp\u00e9es par induction pour la coupe de fils durs et fins ; Marteau hickory type allemand : le manche en bois hickory r\u00e9duit les vibrations ; Scie \u00e0 archet : structure en m\u00e9tal dur pour supporter des tensions \u00e9lev\u00e9es de la lame (25 000 psi \/ 250 lbs) ; M\u00e8tre ruban s\u00e9rie Premium : design compact et ergonomique<\/p>\n<p>4932493257<br \/>\n4058546481285<\/p>\n","protected":false},"excerpt":{"rendered":"<p>SET D&#8217;OUTILS G\u00c9N\u00c9RIQUES MODULE SOUPLE<\/p>\n","protected":false},"featured_media":561931,"template":"","meta":{"_seopress_robots_primary_cat":"","_seopress_titles_title":"","_seopress_titles_desc":"","_seopress_robots_index":""},"product_brand":[3407],"product_cat":[5416,33],"product_tag":[3270],"class_list":{"0":"post-830636","1":"product","2":"type-product","3":"status-publish","4":"has-post-thumbnail","6":"product_brand-milwaukee","7":"product_cat-utensili-per-officina","8":"product_cat-attrezzature","9":"product_tag-import-milwau","10":"sws-conto-ricavi-merci-rivendita-macchinari-fr","11":"sws-gruppo-iva-iva81-fr","13":"first","14":"onbackorder","15":"sale","16":"shipping-taxable","17":"purchasable","18":"product-type-simple"},"_links":{"self":[{"href":"https:\/\/lucacastelli.com\/fr\/wp-json\/wp\/v2\/product\/830636","targetHints":{"allow":["GET"]}}],"collection":[{"href":"https:\/\/lucacastelli.com\/fr\/wp-json\/wp\/v2\/product"}],"about":[{"href":"https:\/\/lucacastelli.com\/fr\/wp-json\/wp\/v2\/types\/product"}],"wp:featuredmedia":[{"embeddable":true,"href":"https:\/\/lucacastelli.com\/fr\/wp-json\/wp\/v2\/media\/561931"}],"wp:attachment":[{"href":"https:\/\/lucacastelli.com\/fr\/wp-json\/wp\/v2\/media?parent=830636"}],"wp:term":[{"taxonomy":"product_brand","embeddable":true,"href":"https:\/\/lucacastelli.com\/fr\/wp-json\/wp\/v2\/product_brand?post=830636"},{"taxonomy":"product_cat","embeddable":true,"href":"https:\/\/lucacastelli.com\/fr\/wp-json\/wp\/v2\/product_cat?post=830636"},{"taxonomy":"product_tag","embeddable":true,"href":"https:\/\/lucacastelli.com\/fr\/wp-json\/wp\/v2\/product_tag?post=830636"}],"curies":[{"name":"wp","href":"https:\/\/api.w.org\/{rel}","templated":true}]}}