{"id":830635,"date":"2025-08-08T18:33:53","date_gmt":"2025-08-08T16:33:53","guid":{"rendered":"https:\/\/lucacastelli.com\/prodotto\/milwaukee-jeu-doutils-isoles-1000-v-en-module-souple\/"},"modified":"2025-08-08T18:33:53","modified_gmt":"2025-08-08T16:33:53","slug":"milwaukee-jeu-doutils-isoles-1000-v-en-module-souple","status":"publish","type":"product","link":"https:\/\/lucacastelli.com\/fr\/produit\/milwaukee-jeu-doutils-isoles-1000-v-en-module-souple\/","title":{"rendered":"MILWAUKEE Jeu d\u2019outils isol\u00e9s 1000 V en module souple"},"content":{"rendered":"<p>JEU D\u2019OUTILS ISOL\u00c9S 1000 V MOD SOUPLE<br \/>\nTest\u00e9s jusqu\u2019\u00e0 10 000 V et garantis jusqu\u2019\u00e0 1 000 V. Test\u00e9s \u00e0 des temp\u00e9ratures froides de -40 \u00b0C. DIN ISO 5746, DIN EN\/IEC 60900 ; Les lames en acier sont enti\u00e8rement forg\u00e9es et tremp\u00e9es pour une durabilit\u00e9 maximale. La finition des pointes est en titane gris non r\u00e9fl\u00e9chissant ; Tranchants tremp\u00e9s par induction pour couper m\u00eame les mat\u00e9riaux les plus durs ; M\u00e2choires usin\u00e9es avec pr\u00e9cision pour une transmission de puissance maximale ; Poign\u00e9e ergonomique pour plus de confort et de prise en main   <\/p>\n<p>4932493250<br \/>\n4058546481216<\/p>\n","protected":false},"excerpt":{"rendered":"<p>JEU D\u2019OUTILS ISOL\u00c9S 1000 V MOD SOUPLE<\/p>\n","protected":false},"featured_media":561844,"template":"","meta":{"_seopress_robots_primary_cat":"","_seopress_titles_title":"","_seopress_titles_desc":"","_seopress_robots_index":""},"product_brand":[3407],"product_cat":[5416,33],"product_tag":[3270],"class_list":{"0":"post-830635","1":"product","2":"type-product","3":"status-publish","4":"has-post-thumbnail","6":"product_brand-milwaukee","7":"product_cat-utensili-per-officina","8":"product_cat-attrezzature","9":"product_tag-import-milwau","10":"sws-conto-ricavi-merci-rivendita-macchinari-fr","11":"sws-gruppo-iva-iva81-fr","13":"first","14":"onbackorder","15":"sale","16":"shipping-taxable","17":"purchasable","18":"product-type-simple"},"_links":{"self":[{"href":"https:\/\/lucacastelli.com\/fr\/wp-json\/wp\/v2\/product\/830635","targetHints":{"allow":["GET"]}}],"collection":[{"href":"https:\/\/lucacastelli.com\/fr\/wp-json\/wp\/v2\/product"}],"about":[{"href":"https:\/\/lucacastelli.com\/fr\/wp-json\/wp\/v2\/types\/product"}],"wp:featuredmedia":[{"embeddable":true,"href":"https:\/\/lucacastelli.com\/fr\/wp-json\/wp\/v2\/media\/561844"}],"wp:attachment":[{"href":"https:\/\/lucacastelli.com\/fr\/wp-json\/wp\/v2\/media?parent=830635"}],"wp:term":[{"taxonomy":"product_brand","embeddable":true,"href":"https:\/\/lucacastelli.com\/fr\/wp-json\/wp\/v2\/product_brand?post=830635"},{"taxonomy":"product_cat","embeddable":true,"href":"https:\/\/lucacastelli.com\/fr\/wp-json\/wp\/v2\/product_cat?post=830635"},{"taxonomy":"product_tag","embeddable":true,"href":"https:\/\/lucacastelli.com\/fr\/wp-json\/wp\/v2\/product_tag?post=830635"}],"curies":[{"name":"wp","href":"https:\/\/api.w.org\/{rel}","templated":true}]}}