{"id":830634,"date":"2025-08-08T18:33:55","date_gmt":"2025-08-08T16:33:55","guid":{"rendered":"https:\/\/lucacastelli.com\/prodotto\/milwaukee-set-de-coupe-et-mesure-en-module-souple\/"},"modified":"2025-08-08T18:33:55","modified_gmt":"2025-08-08T16:33:55","slug":"milwaukee-set-de-coupe-et-mesure-en-module-souple","status":"publish","type":"product","link":"https:\/\/lucacastelli.com\/fr\/produit\/milwaukee-set-de-coupe-et-mesure-en-module-souple\/","title":{"rendered":"MILWAUKEE Set de coupe et mesure en module souple"},"content":{"rendered":"<p>SET DE COUPE ET MESURE MODULE SOUPLE<br \/>\nScie \u00e0 archet mini : changement de lame sans cl\u00e9 jusqu&#8217;\u00e0 10 fois plus rapide ; Cutter \u00e0 lame s\u00e9cable : blocage de r\u00e9glage de lame en m\u00e9tal permettant une dur\u00e9e jusqu&#8217;\u00e0 4 fois sup\u00e9rieure ; M\u00e8tre ruban 5 m\/16 ft &#8211; S\u00e9rie Premium : aimant \u00e0 haute attraction au d\u00e9but du ruban. Design compact et ergonomique <\/p>\n<p>4932493252<br \/>\n4058546481230<\/p>\n","protected":false},"excerpt":{"rendered":"<p>SET DE COUPE ET MESURE MODULE SOUPLE<\/p>\n","protected":false},"featured_media":561858,"template":"","meta":{"_seopress_robots_primary_cat":"","_seopress_titles_title":"","_seopress_titles_desc":"","_seopress_robots_index":""},"product_brand":[3407],"product_cat":[5416,33],"product_tag":[3270],"class_list":{"0":"post-830634","1":"product","2":"type-product","3":"status-publish","4":"has-post-thumbnail","6":"product_brand-milwaukee","7":"product_cat-utensili-per-officina","8":"product_cat-attrezzature","9":"product_tag-import-milwau","10":"sws-conto-ricavi-merci-rivendita-macchinari-fr","11":"sws-gruppo-iva-iva81-fr","13":"first","14":"onbackorder","15":"sale","16":"shipping-taxable","17":"purchasable","18":"product-type-simple"},"_links":{"self":[{"href":"https:\/\/lucacastelli.com\/fr\/wp-json\/wp\/v2\/product\/830634","targetHints":{"allow":["GET"]}}],"collection":[{"href":"https:\/\/lucacastelli.com\/fr\/wp-json\/wp\/v2\/product"}],"about":[{"href":"https:\/\/lucacastelli.com\/fr\/wp-json\/wp\/v2\/types\/product"}],"wp:featuredmedia":[{"embeddable":true,"href":"https:\/\/lucacastelli.com\/fr\/wp-json\/wp\/v2\/media\/561858"}],"wp:attachment":[{"href":"https:\/\/lucacastelli.com\/fr\/wp-json\/wp\/v2\/media?parent=830634"}],"wp:term":[{"taxonomy":"product_brand","embeddable":true,"href":"https:\/\/lucacastelli.com\/fr\/wp-json\/wp\/v2\/product_brand?post=830634"},{"taxonomy":"product_cat","embeddable":true,"href":"https:\/\/lucacastelli.com\/fr\/wp-json\/wp\/v2\/product_cat?post=830634"},{"taxonomy":"product_tag","embeddable":true,"href":"https:\/\/lucacastelli.com\/fr\/wp-json\/wp\/v2\/product_tag?post=830634"}],"curies":[{"name":"wp","href":"https:\/\/api.w.org\/{rel}","templated":true}]}}