{"id":830624,"date":"2025-08-08T18:33:38","date_gmt":"2025-08-08T16:33:38","guid":{"rendered":"https:\/\/lucacastelli.com\/prodotto\/milwaukee-set-pinces-multiprise-reg-180-250-300-mm-3-pcs\/"},"modified":"2025-08-08T18:33:38","modified_gmt":"2025-08-08T16:33:38","slug":"milwaukee-set-pinces-multiprise-reg-180-250-300-mm-3-pcs","status":"publish","type":"product","link":"https:\/\/lucacastelli.com\/fr\/produit\/milwaukee-set-pinces-multiprise-reg-180-250-300-mm-3-pcs\/","title":{"rendered":"MILWAUKEE SET PINCES MULTIPRISE R\u00c9G. 180\/250\/300 mm &#8211; 3 pcs"},"content":{"rendered":"<p>SET PINCES MULTIPRISE R\u00c9G. 180\/250\/300 mm &#8211; 3 pcs<br \/>\nM\u00e2choire \u00e0 double denture pour une prise maximale ; M\u00e2choires tremp\u00e9es par induction avec verrouillage autobloquant pour ne pas glisser ; Arrache-clous int\u00e9gr\u00e9 ; Le design garantit une haute r\u00e9sistance et une capacit\u00e9 de prise ; Bouton pour des r\u00e9glages rapides et pr\u00e9cis ; Doigts prot\u00e9g\u00e9s \u00e0 chaque point de r\u00e9glage de la cr\u00e9maill\u00e8re<\/p>\n<p>4932498543<br \/>\n4058546524128<\/p>\n","protected":false},"excerpt":{"rendered":"<p>SET PINCES MULTIPRISE R\u00c9G. 180\/250\/300 mm &#8211; 3 pcs<\/p>\n","protected":false},"featured_media":567576,"template":"","meta":{"_seopress_robots_primary_cat":"","_seopress_titles_title":"","_seopress_titles_desc":"","_seopress_robots_index":""},"product_brand":[3407],"product_cat":[5416,33],"product_tag":[3270],"class_list":{"0":"post-830624","1":"product","2":"type-product","3":"status-publish","4":"has-post-thumbnail","6":"product_brand-milwaukee","7":"product_cat-utensili-per-officina","8":"product_cat-attrezzature","9":"product_tag-import-milwau","10":"sws-conto-ricavi-merci-rivendita-macchinari-fr","11":"sws-gruppo-iva-iva81-fr","13":"first","14":"onbackorder","15":"sale","16":"shipping-taxable","17":"purchasable","18":"product-type-simple"},"_links":{"self":[{"href":"https:\/\/lucacastelli.com\/fr\/wp-json\/wp\/v2\/product\/830624","targetHints":{"allow":["GET"]}}],"collection":[{"href":"https:\/\/lucacastelli.com\/fr\/wp-json\/wp\/v2\/product"}],"about":[{"href":"https:\/\/lucacastelli.com\/fr\/wp-json\/wp\/v2\/types\/product"}],"wp:featuredmedia":[{"embeddable":true,"href":"https:\/\/lucacastelli.com\/fr\/wp-json\/wp\/v2\/media\/567576"}],"wp:attachment":[{"href":"https:\/\/lucacastelli.com\/fr\/wp-json\/wp\/v2\/media?parent=830624"}],"wp:term":[{"taxonomy":"product_brand","embeddable":true,"href":"https:\/\/lucacastelli.com\/fr\/wp-json\/wp\/v2\/product_brand?post=830624"},{"taxonomy":"product_cat","embeddable":true,"href":"https:\/\/lucacastelli.com\/fr\/wp-json\/wp\/v2\/product_cat?post=830624"},{"taxonomy":"product_tag","embeddable":true,"href":"https:\/\/lucacastelli.com\/fr\/wp-json\/wp\/v2\/product_tag?post=830624"}],"curies":[{"name":"wp","href":"https:\/\/api.w.org\/{rel}","templated":true}]}}