{"id":830622,"date":"2025-08-08T18:33:37","date_gmt":"2025-08-08T16:33:37","guid":{"rendered":"https:\/\/lucacastelli.com\/prodotto\/milwaukee-set-de-pinces-diverses-en-module-souple\/"},"modified":"2025-08-08T18:33:37","modified_gmt":"2025-08-08T16:33:37","slug":"milwaukee-set-de-pinces-diverses-en-module-souple","status":"publish","type":"product","link":"https:\/\/lucacastelli.com\/fr\/produit\/milwaukee-set-de-pinces-diverses-en-module-souple\/","title":{"rendered":"MILWAUKEE Set de pinces diverses en module souple"},"content":{"rendered":"<p>SET DE PINCES G\u00c9N\u00c9RIQUES N\u00b02 MODULE SOUPLE<br \/>\nLevier optimal pour un travail facile et sans effort.;Les pinces coupantes sont dot\u00e9es de tranchants tremp\u00e9s par induction pour couper les fils durs et souples.;Pince multiprise avec r\u00e9glage par bouton d&#8217;une seule main pour une prise rapide et ferme.<\/p>\n<p>4932493631<br \/>\n4058546485023<\/p>\n","protected":false},"excerpt":{"rendered":"<p>SET DE PINCES G\u00c9N\u00c9RIQUES N\u00b02 MODULE SOUPLE<\/p>\n","protected":false},"featured_media":562941,"template":"","meta":{"_seopress_robots_primary_cat":"","_seopress_titles_title":"","_seopress_titles_desc":"","_seopress_robots_index":""},"product_brand":[3407],"product_cat":[5416,33],"product_tag":[3270],"class_list":{"0":"post-830622","1":"product","2":"type-product","3":"status-publish","4":"has-post-thumbnail","6":"product_brand-milwaukee","7":"product_cat-utensili-per-officina","8":"product_cat-attrezzature","9":"product_tag-import-milwau","10":"sws-conto-ricavi-merci-rivendita-macchinari-fr","11":"sws-gruppo-iva-iva81-fr","13":"first","14":"onbackorder","15":"sale","16":"shipping-taxable","17":"purchasable","18":"product-type-simple"},"_links":{"self":[{"href":"https:\/\/lucacastelli.com\/fr\/wp-json\/wp\/v2\/product\/830622","targetHints":{"allow":["GET"]}}],"collection":[{"href":"https:\/\/lucacastelli.com\/fr\/wp-json\/wp\/v2\/product"}],"about":[{"href":"https:\/\/lucacastelli.com\/fr\/wp-json\/wp\/v2\/types\/product"}],"wp:featuredmedia":[{"embeddable":true,"href":"https:\/\/lucacastelli.com\/fr\/wp-json\/wp\/v2\/media\/562941"}],"wp:attachment":[{"href":"https:\/\/lucacastelli.com\/fr\/wp-json\/wp\/v2\/media?parent=830622"}],"wp:term":[{"taxonomy":"product_brand","embeddable":true,"href":"https:\/\/lucacastelli.com\/fr\/wp-json\/wp\/v2\/product_brand?post=830622"},{"taxonomy":"product_cat","embeddable":true,"href":"https:\/\/lucacastelli.com\/fr\/wp-json\/wp\/v2\/product_cat?post=830622"},{"taxonomy":"product_tag","embeddable":true,"href":"https:\/\/lucacastelli.com\/fr\/wp-json\/wp\/v2\/product_tag?post=830622"}],"curies":[{"name":"wp","href":"https:\/\/api.w.org\/{rel}","templated":true}]}}