{"id":830618,"date":"2025-08-08T18:33:57","date_gmt":"2025-08-08T16:33:57","guid":{"rendered":"https:\/\/lucacastelli.com\/prodotto\/milwaukee-jeu-de-pinces-pour-circlips-en-module-mousse\/"},"modified":"2025-08-08T18:33:57","modified_gmt":"2025-08-08T16:33:57","slug":"milwaukee-jeu-de-pinces-pour-circlips-en-module-mousse","status":"publish","type":"product","link":"https:\/\/lucacastelli.com\/fr\/produit\/milwaukee-jeu-de-pinces-pour-circlips-en-module-mousse\/","title":{"rendered":"MILWAUKEE Jeu de pinces pour circlips en module mousse"},"content":{"rendered":"<p>JEU PINCES R\u00c9V CIRCLIPS N\u00b01 MOD MOUSSE<br \/>\nCadran avec design antid\u00e9rapant pour une conversion int\u00e9rieur-ext\u00e9rieur plus facile et rapide ; Cadran de conversion enti\u00e8rement en m\u00e9tal pour r\u00e9sister \u00e0 l\u2019usure et pr\u00e9venir la r\u00e9duction de l\u2019int\u00e9grit\u00e9 du joint ; Poign\u00e9es antid\u00e9rapantes avec manches \u00e0 double trempage ; Insert en mousse de haute qualit\u00e9.<\/p>\n<p>4932493632<br \/>\n4058546485030<\/p>\n","protected":false},"excerpt":{"rendered":"<p>JEU PINCES R\u00c9V CIRCLIPS N\u00b01 MOD MOUSSE<\/p>\n","protected":false},"featured_media":562950,"template":"","meta":{"_seopress_robots_primary_cat":"","_seopress_titles_title":"","_seopress_titles_desc":"","_seopress_robots_index":""},"product_brand":[3407],"product_cat":[5416,33],"product_tag":[3270],"class_list":{"0":"post-830618","1":"product","2":"type-product","3":"status-publish","4":"has-post-thumbnail","6":"product_brand-milwaukee","7":"product_cat-utensili-per-officina","8":"product_cat-attrezzature","9":"product_tag-import-milwau","10":"sws-conto-ricavi-merci-rivendita-macchinari-fr","11":"sws-gruppo-iva-iva81-fr","13":"first","14":"onbackorder","15":"sale","16":"shipping-taxable","17":"purchasable","18":"product-type-simple"},"_links":{"self":[{"href":"https:\/\/lucacastelli.com\/fr\/wp-json\/wp\/v2\/product\/830618","targetHints":{"allow":["GET"]}}],"collection":[{"href":"https:\/\/lucacastelli.com\/fr\/wp-json\/wp\/v2\/product"}],"about":[{"href":"https:\/\/lucacastelli.com\/fr\/wp-json\/wp\/v2\/types\/product"}],"wp:featuredmedia":[{"embeddable":true,"href":"https:\/\/lucacastelli.com\/fr\/wp-json\/wp\/v2\/media\/562950"}],"wp:attachment":[{"href":"https:\/\/lucacastelli.com\/fr\/wp-json\/wp\/v2\/media?parent=830618"}],"wp:term":[{"taxonomy":"product_brand","embeddable":true,"href":"https:\/\/lucacastelli.com\/fr\/wp-json\/wp\/v2\/product_brand?post=830618"},{"taxonomy":"product_cat","embeddable":true,"href":"https:\/\/lucacastelli.com\/fr\/wp-json\/wp\/v2\/product_cat?post=830618"},{"taxonomy":"product_tag","embeddable":true,"href":"https:\/\/lucacastelli.com\/fr\/wp-json\/wp\/v2\/product_tag?post=830618"}],"curies":[{"name":"wp","href":"https:\/\/api.w.org\/{rel}","templated":true}]}}