{"id":830616,"date":"2025-08-08T18:33:41","date_gmt":"2025-08-08T16:33:41","guid":{"rendered":"https:\/\/lucacastelli.com\/prodotto\/milwaukee-set-packout-organisateur-compact-avec-cles-mixtes-maxbite-15-pieces\/"},"modified":"2025-08-08T18:33:41","modified_gmt":"2025-08-08T16:33:41","slug":"milwaukee-set-packout-organisateur-compact-avec-cles-mixtes-maxbite-15-pieces","status":"publish","type":"product","link":"https:\/\/lucacastelli.com\/fr\/produit\/milwaukee-set-packout-organisateur-compact-avec-cles-mixtes-maxbite-15-pieces\/","title":{"rendered":"MILWAUKEE Set PACKOUT\u2122 organisateur compact avec cl\u00e9s mixtes MAXBITE &#8211; 15 pi\u00e8ces"},"content":{"rendered":"<p>Set de 15 cl\u00e9s mixtes MAXBITE + PACKOUT<br \/>\nOuverture horizontale MAX BITE\u2122 pour r\u00e9duire le glissement ou l\u2019arrondissement ; Poign\u00e9e avec profil en T arrondi pour un grand confort d\u2019utilisation ; Solution de rangement optimale, kit de 7 pi\u00e8ces avec poign\u00e9e de transport. Set de 15 sur support, pour un rangement facile dans les tiroirs \u00e0 outils ; Marquage couleur des dimensions pour simplifier l\u2019identification ; 15 coud\u00e9es ; Fait partie du syst\u00e8me de rangement modulable PACKOUT\u2122, fabriqu\u00e9 avec des polym\u00e8res r\u00e9sistants aux chocs pour une grande durabilit\u00e9 sur le chantier.<\/p>\n<p>4932498141<br \/>\n4058546513016<\/p>\n","protected":false},"excerpt":{"rendered":"<p>Set de 15 cl\u00e9s mixtes MAXBITE + PACKOUT<\/p>\n","protected":false},"featured_media":566403,"template":"","meta":{"_seopress_robots_primary_cat":"","_seopress_titles_title":"","_seopress_titles_desc":"","_seopress_robots_index":""},"product_brand":[3407],"product_cat":[5416,33],"product_tag":[3270],"class_list":{"0":"post-830616","1":"product","2":"type-product","3":"status-publish","4":"has-post-thumbnail","6":"product_brand-milwaukee","7":"product_cat-utensili-per-officina","8":"product_cat-attrezzature","9":"product_tag-import-milwau","10":"sws-conto-ricavi-merci-rivendita-macchinari-fr","11":"sws-gruppo-iva-iva81-fr","13":"first","14":"onbackorder","15":"sale","16":"shipping-taxable","17":"purchasable","18":"product-type-simple"},"_links":{"self":[{"href":"https:\/\/lucacastelli.com\/fr\/wp-json\/wp\/v2\/product\/830616","targetHints":{"allow":["GET"]}}],"collection":[{"href":"https:\/\/lucacastelli.com\/fr\/wp-json\/wp\/v2\/product"}],"about":[{"href":"https:\/\/lucacastelli.com\/fr\/wp-json\/wp\/v2\/types\/product"}],"wp:featuredmedia":[{"embeddable":true,"href":"https:\/\/lucacastelli.com\/fr\/wp-json\/wp\/v2\/media\/566403"}],"wp:attachment":[{"href":"https:\/\/lucacastelli.com\/fr\/wp-json\/wp\/v2\/media?parent=830616"}],"wp:term":[{"taxonomy":"product_brand","embeddable":true,"href":"https:\/\/lucacastelli.com\/fr\/wp-json\/wp\/v2\/product_brand?post=830616"},{"taxonomy":"product_cat","embeddable":true,"href":"https:\/\/lucacastelli.com\/fr\/wp-json\/wp\/v2\/product_cat?post=830616"},{"taxonomy":"product_tag","embeddable":true,"href":"https:\/\/lucacastelli.com\/fr\/wp-json\/wp\/v2\/product_tag?post=830616"}],"curies":[{"name":"wp","href":"https:\/\/api.w.org\/{rel}","templated":true}]}}