{"id":830610,"date":"2025-08-08T18:33:39","date_gmt":"2025-08-08T16:33:39","guid":{"rendered":"https:\/\/lucacastelli.com\/prodotto\/milwaukee-jeu-de-pinces-3-pieces\/"},"modified":"2025-08-08T18:33:39","modified_gmt":"2025-08-08T16:33:39","slug":"milwaukee-jeu-de-pinces-3-pieces","status":"publish","type":"product","link":"https:\/\/lucacastelli.com\/fr\/produit\/milwaukee-jeu-de-pinces-3-pieces\/","title":{"rendered":"MILWAUKEE Jeu de pinces &#8211; 3 pi\u00e8ces"},"content":{"rendered":"<p>JEU 3 PCS<br \/>\nTest\u00e9es \u00e0 10 000 V et garanties \u00e0 1 000 V, test\u00e9es \u00e0 -40\u00b0, DIN ISO 5746, DIN EN\/IEC 60900 ; les lames en acier sont enti\u00e8rement forg\u00e9es, tremp\u00e9es et revenues pour une durabilit\u00e9 maximale. Finition de surface en titane gris non r\u00e9fl\u00e9chissante, r\u00e9sistance maximale \u00e0 la corrosion ; tranchants tremp\u00e9s par induction pour couper m\u00eame les mat\u00e9riaux les plus durs ; articulation pr\u00e9cise et souple pour une transmission de puissance maximale pour un travail facile et sans effort ; poign\u00e9e ergonomique avec softgrip pour plus de confort et de prise <\/p>\n<p>4932464575<br \/>\n4058546225209<\/p>\n","protected":false},"excerpt":{"rendered":"<p>JEU 3 PCS<\/p>\n","protected":false},"featured_media":529473,"template":"","meta":{"_seopress_robots_primary_cat":"","_seopress_titles_title":"","_seopress_titles_desc":"","_seopress_robots_index":""},"product_brand":[3407],"product_cat":[5416,33],"product_tag":[3270],"class_list":{"0":"post-830610","1":"product","2":"type-product","3":"status-publish","4":"has-post-thumbnail","6":"product_brand-milwaukee","7":"product_cat-utensili-per-officina","8":"product_cat-attrezzature","9":"product_tag-import-milwau","10":"sws-conto-ricavi-merci-rivendita-macchinari-fr","11":"sws-gruppo-iva-iva81-fr","13":"first","14":"onbackorder","15":"sale","16":"shipping-taxable","17":"purchasable","18":"product-type-simple"},"_links":{"self":[{"href":"https:\/\/lucacastelli.com\/fr\/wp-json\/wp\/v2\/product\/830610","targetHints":{"allow":["GET"]}}],"collection":[{"href":"https:\/\/lucacastelli.com\/fr\/wp-json\/wp\/v2\/product"}],"about":[{"href":"https:\/\/lucacastelli.com\/fr\/wp-json\/wp\/v2\/types\/product"}],"wp:featuredmedia":[{"embeddable":true,"href":"https:\/\/lucacastelli.com\/fr\/wp-json\/wp\/v2\/media\/529473"}],"wp:attachment":[{"href":"https:\/\/lucacastelli.com\/fr\/wp-json\/wp\/v2\/media?parent=830610"}],"wp:term":[{"taxonomy":"product_brand","embeddable":true,"href":"https:\/\/lucacastelli.com\/fr\/wp-json\/wp\/v2\/product_brand?post=830610"},{"taxonomy":"product_cat","embeddable":true,"href":"https:\/\/lucacastelli.com\/fr\/wp-json\/wp\/v2\/product_cat?post=830610"},{"taxonomy":"product_tag","embeddable":true,"href":"https:\/\/lucacastelli.com\/fr\/wp-json\/wp\/v2\/product_tag?post=830610"}],"curies":[{"name":"wp","href":"https:\/\/api.w.org\/{rel}","templated":true}]}}