{"id":830606,"date":"2025-08-08T18:34:30","date_gmt":"2025-08-08T16:34:30","guid":{"rendered":"https:\/\/lucacastelli.com\/prodotto\/milwaukee-jeu-de-cliquets-et-douilles-en-thermoforme-packout\/"},"modified":"2025-08-08T18:34:30","modified_gmt":"2025-08-08T16:34:30","slug":"milwaukee-jeu-de-cliquets-et-douilles-en-thermoforme-packout","status":"publish","type":"product","link":"https:\/\/lucacastelli.com\/fr\/produit\/milwaukee-jeu-de-cliquets-et-douilles-en-thermoforme-packout\/","title":{"rendered":"MILWAUKEE Jeu de cliquets et douilles en thermoform\u00e9 PACKOUT\u2122"},"content":{"rendered":"<p>JEU CLIQUET+DOUILLES 1\/4 MOD SOUPLE PACKOUT<br \/>\nCliquet avec 90 dents et angle de reprise de 4\u00b0 pour acc\u00e9der aux espaces restreints ; Design FOUR FLAT\u2122 anti-roulement ; S\u2019ins\u00e8re parfaitement dans les coffrets \u00e0 tiroirs PACKOUT\u2122 ; Thermoform\u00e9 en mousse haute densit\u00e9 d\u00e9coup\u00e9 au laser<\/p>\n<p>4932480717<br \/>\n4058546410025<\/p>\n","protected":false},"excerpt":{"rendered":"<p>JEU CLIQUET+DOUILLES 1\/4 MOD SOUPLE PACKOUT<\/p>\n","protected":false},"featured_media":553891,"template":"","meta":{"_seopress_robots_primary_cat":"","_seopress_titles_title":"","_seopress_titles_desc":"","_seopress_robots_index":""},"product_brand":[3407],"product_cat":[5416,33],"product_tag":[3270],"class_list":{"0":"post-830606","1":"product","2":"type-product","3":"status-publish","4":"has-post-thumbnail","6":"product_brand-milwaukee","7":"product_cat-utensili-per-officina","8":"product_cat-attrezzature","9":"product_tag-import-milwau","10":"sws-conto-ricavi-merci-rivendita-macchinari-fr","11":"sws-gruppo-iva-iva81-fr","13":"first","14":"onbackorder","15":"sale","16":"shipping-taxable","17":"purchasable","18":"product-type-simple"},"_links":{"self":[{"href":"https:\/\/lucacastelli.com\/fr\/wp-json\/wp\/v2\/product\/830606","targetHints":{"allow":["GET"]}}],"collection":[{"href":"https:\/\/lucacastelli.com\/fr\/wp-json\/wp\/v2\/product"}],"about":[{"href":"https:\/\/lucacastelli.com\/fr\/wp-json\/wp\/v2\/types\/product"}],"wp:featuredmedia":[{"embeddable":true,"href":"https:\/\/lucacastelli.com\/fr\/wp-json\/wp\/v2\/media\/553891"}],"wp:attachment":[{"href":"https:\/\/lucacastelli.com\/fr\/wp-json\/wp\/v2\/media?parent=830606"}],"wp:term":[{"taxonomy":"product_brand","embeddable":true,"href":"https:\/\/lucacastelli.com\/fr\/wp-json\/wp\/v2\/product_brand?post=830606"},{"taxonomy":"product_cat","embeddable":true,"href":"https:\/\/lucacastelli.com\/fr\/wp-json\/wp\/v2\/product_cat?post=830606"},{"taxonomy":"product_tag","embeddable":true,"href":"https:\/\/lucacastelli.com\/fr\/wp-json\/wp\/v2\/product_tag?post=830606"}],"curies":[{"name":"wp","href":"https:\/\/api.w.org\/{rel}","templated":true}]}}