{"id":830603,"date":"2025-08-08T18:40:59","date_gmt":"2025-08-08T16:40:59","guid":{"rendered":"https:\/\/lucacastelli.com\/prodotto\/milwaukee-mire-500-cm-pour-laser\/"},"modified":"2025-08-08T18:40:59","modified_gmt":"2025-08-08T16:40:59","slug":"milwaukee-mire-500-cm-pour-laser","status":"publish","type":"product","link":"https:\/\/lucacastelli.com\/fr\/produit\/milwaukee-mire-500-cm-pour-laser\/","title":{"rendered":"MILWAUKEE Mire 500 cm pour laser"},"content":{"rendered":"<p>ROD500 \/ ACCESSOIRES POUR NIVEAUX LASER<br \/>\n\u00c9chelle m\u00e9trique jusqu\u2019\u00e0 5 m\u00e8tres pour les hauteurs de chantier les plus courantes ; Sommet plat pour un positionnement stable du r\u00e9cepteur ; Cadre en aluminium robuste pour r\u00e9sister aux conditions de chantier ; Verrous robustes pour \u00e9viter d\u2019endommager le cadre ; Niveau \u00e0 bulle amovible pour une configuration plus pr\u00e9cise<\/p>\n<p>4932493203<br \/>\n4058546480745<\/p>\n","protected":false},"excerpt":{"rendered":"<p>ROD500 \/ ACCESSOIRES POUR NIVEAUX LASER<\/p>\n","protected":false},"featured_media":561539,"template":"","meta":{"_seopress_robots_primary_cat":"","_seopress_titles_title":"","_seopress_titles_desc":"","_seopress_robots_index":""},"product_brand":[3407],"product_cat":[29,514,551],"product_tag":[3270],"class_list":{"0":"post-830603","1":"product","2":"type-product","3":"status-publish","4":"has-post-thumbnail","6":"product_brand-milwaukee","7":"product_cat-macchinari","8":"product_cat-altri-dispositivi","9":"product_cat-apparecchi-di-misurazione","10":"product_tag-import-milwau","11":"sws-conto-ricavi-merci-rivendita-macchinari-fr","12":"sws-gruppo-iva-iva81-fr","14":"first","15":"onbackorder","16":"sale","17":"shipping-taxable","18":"purchasable","19":"product-type-simple"},"_links":{"self":[{"href":"https:\/\/lucacastelli.com\/fr\/wp-json\/wp\/v2\/product\/830603","targetHints":{"allow":["GET"]}}],"collection":[{"href":"https:\/\/lucacastelli.com\/fr\/wp-json\/wp\/v2\/product"}],"about":[{"href":"https:\/\/lucacastelli.com\/fr\/wp-json\/wp\/v2\/types\/product"}],"wp:featuredmedia":[{"embeddable":true,"href":"https:\/\/lucacastelli.com\/fr\/wp-json\/wp\/v2\/media\/561539"}],"wp:attachment":[{"href":"https:\/\/lucacastelli.com\/fr\/wp-json\/wp\/v2\/media?parent=830603"}],"wp:term":[{"taxonomy":"product_brand","embeddable":true,"href":"https:\/\/lucacastelli.com\/fr\/wp-json\/wp\/v2\/product_brand?post=830603"},{"taxonomy":"product_cat","embeddable":true,"href":"https:\/\/lucacastelli.com\/fr\/wp-json\/wp\/v2\/product_cat?post=830603"},{"taxonomy":"product_tag","embeddable":true,"href":"https:\/\/lucacastelli.com\/fr\/wp-json\/wp\/v2\/product_tag?post=830603"}],"curies":[{"name":"wp","href":"https:\/\/api.w.org\/{rel}","templated":true}]}}