{"id":830600,"date":"2025-08-08T18:34:01","date_gmt":"2025-08-08T16:34:01","guid":{"rendered":"https:\/\/lucacastelli.com\/prodotto\/milwaukee-jeu-de-pinces-etaux-complet-en-module-souple\/"},"modified":"2025-08-08T18:34:01","modified_gmt":"2025-08-08T16:34:01","slug":"milwaukee-jeu-de-pinces-etaux-complet-en-module-souple","status":"publish","type":"product","link":"https:\/\/lucacastelli.com\/fr\/produit\/milwaukee-jeu-de-pinces-etaux-complet-en-module-souple\/","title":{"rendered":"MILWAUKEE Jeu de pinces \u00e9taux complet en module souple"},"content":{"rendered":"<p>JEU DE PINCES \u00c9TAUX MODULE SOUPLE<br \/>\nPinces \u00e9taux TORQUE LOCK\u2122 : installation facile et rapide sur surfaces planes et rondes. Une force suppl\u00e9mentaire peut \u00eatre appliqu\u00e9e. \u00c0 utiliser \u00e9galement pour suspendre ou stocker du mat\u00e9riel ; M\u00e2choires tremp\u00e9es pour une meilleure prise et tenue sur le mat\u00e9riau ; Protection contre la rouille : le placage chrom\u00e9 augmente la dur\u00e9e de vie et r\u00e9duit la corrosion ; Design de levier traditionnel ; Les pinces \u00e9taux MAXBITE\u2122 ont un design de m\u00e2choire sp\u00e9cial pour un grip maximal  <\/p>\n<p>4932493251<br \/>\n4058546481223<\/p>\n","protected":false},"excerpt":{"rendered":"<p>JEU DE PINCES \u00c9TAUX MODULE SOUPLE<\/p>\n","protected":false},"featured_media":599645,"template":"","meta":{"_seopress_robots_primary_cat":"","_seopress_titles_title":"","_seopress_titles_desc":"","_seopress_robots_index":""},"product_brand":[3407],"product_cat":[5416,33],"product_tag":[3270],"class_list":{"0":"post-830600","1":"product","2":"type-product","3":"status-publish","4":"has-post-thumbnail","6":"product_brand-milwaukee","7":"product_cat-utensili-per-officina","8":"product_cat-attrezzature","9":"product_tag-import-milwau","10":"sws-conto-ricavi-merci-rivendita-macchinari-fr","11":"sws-gruppo-iva-iva81-fr","13":"first","14":"onbackorder","15":"sale","16":"shipping-taxable","17":"purchasable","18":"product-type-simple"},"_links":{"self":[{"href":"https:\/\/lucacastelli.com\/fr\/wp-json\/wp\/v2\/product\/830600","targetHints":{"allow":["GET"]}}],"collection":[{"href":"https:\/\/lucacastelli.com\/fr\/wp-json\/wp\/v2\/product"}],"about":[{"href":"https:\/\/lucacastelli.com\/fr\/wp-json\/wp\/v2\/types\/product"}],"wp:featuredmedia":[{"embeddable":true,"href":"https:\/\/lucacastelli.com\/fr\/wp-json\/wp\/v2\/media\/599645"}],"wp:attachment":[{"href":"https:\/\/lucacastelli.com\/fr\/wp-json\/wp\/v2\/media?parent=830600"}],"wp:term":[{"taxonomy":"product_brand","embeddable":true,"href":"https:\/\/lucacastelli.com\/fr\/wp-json\/wp\/v2\/product_brand?post=830600"},{"taxonomy":"product_cat","embeddable":true,"href":"https:\/\/lucacastelli.com\/fr\/wp-json\/wp\/v2\/product_cat?post=830600"},{"taxonomy":"product_tag","embeddable":true,"href":"https:\/\/lucacastelli.com\/fr\/wp-json\/wp\/v2\/product_tag?post=830600"}],"curies":[{"name":"wp","href":"https:\/\/api.w.org\/{rel}","templated":true}]}}