{"id":830598,"date":"2025-08-08T18:34:29","date_gmt":"2025-08-08T16:34:29","guid":{"rendered":"https:\/\/lucacastelli.com\/prodotto\/milwaukee-set-de-cliquet-et-douilles-thermoforme-packout\/"},"modified":"2025-08-08T18:34:29","modified_gmt":"2025-08-08T16:34:29","slug":"milwaukee-set-de-cliquet-et-douilles-thermoforme-packout","status":"publish","type":"product","link":"https:\/\/lucacastelli.com\/fr\/produit\/milwaukee-set-de-cliquet-et-douilles-thermoforme-packout\/","title":{"rendered":"MILWAUKEE Set de cliquet et douilles thermoform\u00e9 PACKOUT\u2122"},"content":{"rendered":"<p>SET CLIQUET+DOUILLES 1\/2 MOD SOUPLE PACKOUT<br \/>\nCliquet \u00e0 90 dents et reprise d&#8217;arc de 4\u00b0 pour acc\u00e9der aux espaces restreints ; Design FOUR FLAT\u2122 anti-chute ; S&#8217;ins\u00e8re parfaitement dans les tiroirs PACKOUT\u2122 ; Thermoform\u00e9 en mousse haute densit\u00e9 d\u00e9coup\u00e9 au laser<\/p>\n<p>4932480716<br \/>\n4058546410018<\/p>\n","protected":false},"excerpt":{"rendered":"<p>SET CLIQUET+DOUILLES 1\/2 MOD SOUPLE PACKOUT<\/p>\n","protected":false},"featured_media":553878,"template":"","meta":{"_seopress_robots_primary_cat":"","_seopress_titles_title":"","_seopress_titles_desc":"","_seopress_robots_index":""},"product_brand":[3407],"product_cat":[5416,33],"product_tag":[3270],"class_list":{"0":"post-830598","1":"product","2":"type-product","3":"status-publish","4":"has-post-thumbnail","6":"product_brand-milwaukee","7":"product_cat-utensili-per-officina","8":"product_cat-attrezzature","9":"product_tag-import-milwau","10":"sws-conto-ricavi-merci-rivendita-macchinari-fr","11":"sws-gruppo-iva-iva81-fr","13":"first","14":"onbackorder","15":"sale","16":"shipping-taxable","17":"purchasable","18":"product-type-simple"},"_links":{"self":[{"href":"https:\/\/lucacastelli.com\/fr\/wp-json\/wp\/v2\/product\/830598","targetHints":{"allow":["GET"]}}],"collection":[{"href":"https:\/\/lucacastelli.com\/fr\/wp-json\/wp\/v2\/product"}],"about":[{"href":"https:\/\/lucacastelli.com\/fr\/wp-json\/wp\/v2\/types\/product"}],"wp:featuredmedia":[{"embeddable":true,"href":"https:\/\/lucacastelli.com\/fr\/wp-json\/wp\/v2\/media\/553878"}],"wp:attachment":[{"href":"https:\/\/lucacastelli.com\/fr\/wp-json\/wp\/v2\/media?parent=830598"}],"wp:term":[{"taxonomy":"product_brand","embeddable":true,"href":"https:\/\/lucacastelli.com\/fr\/wp-json\/wp\/v2\/product_brand?post=830598"},{"taxonomy":"product_cat","embeddable":true,"href":"https:\/\/lucacastelli.com\/fr\/wp-json\/wp\/v2\/product_cat?post=830598"},{"taxonomy":"product_tag","embeddable":true,"href":"https:\/\/lucacastelli.com\/fr\/wp-json\/wp\/v2\/product_tag?post=830598"}],"curies":[{"name":"wp","href":"https:\/\/api.w.org\/{rel}","templated":true}]}}