{"id":830582,"date":"2025-08-08T18:34:32","date_gmt":"2025-08-08T16:34:32","guid":{"rendered":"https:\/\/lucacastelli.com\/prodotto\/milwaukee-set-de-cliquet-et-douilles-de-%c2%bc%e2%80%b3-en-module-souple\/"},"modified":"2025-08-08T18:34:32","modified_gmt":"2025-08-08T16:34:32","slug":"milwaukee-set-de-cliquet-et-douilles-de-%c2%bc%e2%80%b3-en-module-souple","status":"publish","type":"product","link":"https:\/\/lucacastelli.com\/fr\/produit\/milwaukee-set-de-cliquet-et-douilles-de-%c2%bc%e2%80%b3-en-module-souple\/","title":{"rendered":"MILWAUKEE Set de cliquet et douilles de \u00bc\u2033 en module souple"},"content":{"rendered":"<p>SET DOUILLES 1\/4 ET EMBOUTS MOD SOUPLE 42 PCS<br \/>\nDesign antid\u00e9rapant FOUR FLAT\u2122 ; Construction enti\u00e8rement m\u00e9tallique pour une longue dur\u00e9e de vie ; Mousse expans\u00e9e de haute qualit\u00e9 pour augmenter la r\u00e9sistance, indications de mesures d\u00e9coup\u00e9es au laser pour reconna\u00eetre facilement et rapidement la dimension et fond rouge pour rep\u00e9rer rapidement les outils manquants.<\/p>\n<p>4932499293<br \/>\n4058546564575<\/p>\n","protected":false},"excerpt":{"rendered":"<p>SET DOUILLES 1\/4 ET EMBOUTS MOD SOUPLE 42 PCS<\/p>\n","protected":false},"featured_media":599655,"template":"","meta":{"_seopress_robots_primary_cat":"","_seopress_titles_title":"","_seopress_titles_desc":"","_seopress_robots_index":""},"product_brand":[3407],"product_cat":[5416,33],"product_tag":[3270],"class_list":{"0":"post-830582","1":"product","2":"type-product","3":"status-publish","4":"has-post-thumbnail","6":"product_brand-milwaukee","7":"product_cat-utensili-per-officina","8":"product_cat-attrezzature","9":"product_tag-import-milwau","10":"sws-conto-ricavi-merci-rivendita-macchinari-fr","11":"sws-gruppo-iva-iva81-fr","13":"first","14":"onbackorder","15":"sale","16":"shipping-taxable","17":"purchasable","18":"product-type-simple"},"_links":{"self":[{"href":"https:\/\/lucacastelli.com\/fr\/wp-json\/wp\/v2\/product\/830582","targetHints":{"allow":["GET"]}}],"collection":[{"href":"https:\/\/lucacastelli.com\/fr\/wp-json\/wp\/v2\/product"}],"about":[{"href":"https:\/\/lucacastelli.com\/fr\/wp-json\/wp\/v2\/types\/product"}],"wp:featuredmedia":[{"embeddable":true,"href":"https:\/\/lucacastelli.com\/fr\/wp-json\/wp\/v2\/media\/599655"}],"wp:attachment":[{"href":"https:\/\/lucacastelli.com\/fr\/wp-json\/wp\/v2\/media?parent=830582"}],"wp:term":[{"taxonomy":"product_brand","embeddable":true,"href":"https:\/\/lucacastelli.com\/fr\/wp-json\/wp\/v2\/product_brand?post=830582"},{"taxonomy":"product_cat","embeddable":true,"href":"https:\/\/lucacastelli.com\/fr\/wp-json\/wp\/v2\/product_cat?post=830582"},{"taxonomy":"product_tag","embeddable":true,"href":"https:\/\/lucacastelli.com\/fr\/wp-json\/wp\/v2\/product_tag?post=830582"}],"curies":[{"name":"wp","href":"https:\/\/api.w.org\/{rel}","templated":true}]}}