{"id":830579,"date":"2025-08-08T18:34:37","date_gmt":"2025-08-08T16:34:37","guid":{"rendered":"https:\/\/lucacastelli.com\/prodotto\/milwaukee-jeu-de-cliquets-et-douilles-5\/"},"modified":"2025-08-08T18:34:37","modified_gmt":"2025-08-08T16:34:37","slug":"milwaukee-jeu-de-cliquets-et-douilles-5","status":"publish","type":"product","link":"https:\/\/lucacastelli.com\/fr\/produit\/milwaukee-jeu-de-cliquets-et-douilles-5\/","title":{"rendered":"MILWAUKEE Jeu de cliquets et douilles"},"content":{"rendered":"<p>SET 28 CLIQUETS ET DOUILLES 1\/2&#8243; &#8211; M\u00e9trique<br \/>\nConception \u00e0 90 dents avec un angle de reprise de 4\u00b0 pour une accessibilit\u00e9 maximale dans les espaces restreints ; Livr\u00e9 avec un plateau int\u00e9rieur amovible parfaitement con\u00e7u pour \u00eatre rang\u00e9 dans les servantes ; Diam\u00e8tres grav\u00e9s sur le c\u00f4t\u00e9 pour une identification facile ; Conception m\u00e9tallique pour une durabilit\u00e9 maximale ; Le design FOUR FLAT\u2122 emp\u00eache le roulement ; T\u00eate \u00e0 profil mince avec levier d\u2019inversion affleurant offrant une meilleure accessibilit\u00e9 dans les espaces restreints<\/p>\n<p>4932471864<br \/>\n4058546297633<\/p>\n","protected":false},"excerpt":{"rendered":"<p>SET 28 CLIQUETS ET DOUILLES 1\/2&#8243; &#8211; M\u00e9trique<\/p>\n","protected":false},"featured_media":538057,"template":"","meta":{"_seopress_robots_primary_cat":"","_seopress_titles_title":"","_seopress_titles_desc":"","_seopress_robots_index":""},"product_brand":[3407],"product_cat":[5416,33],"product_tag":[3270],"class_list":{"0":"post-830579","1":"product","2":"type-product","3":"status-publish","4":"has-post-thumbnail","6":"product_brand-milwaukee","7":"product_cat-utensili-per-officina","8":"product_cat-attrezzature","9":"product_tag-import-milwau","10":"sws-conto-ricavi-merci-rivendita-macchinari-fr","11":"sws-gruppo-iva-iva81-fr","13":"first","14":"onbackorder","15":"sale","16":"shipping-taxable","17":"purchasable","18":"product-type-simple"},"_links":{"self":[{"href":"https:\/\/lucacastelli.com\/fr\/wp-json\/wp\/v2\/product\/830579","targetHints":{"allow":["GET"]}}],"collection":[{"href":"https:\/\/lucacastelli.com\/fr\/wp-json\/wp\/v2\/product"}],"about":[{"href":"https:\/\/lucacastelli.com\/fr\/wp-json\/wp\/v2\/types\/product"}],"wp:featuredmedia":[{"embeddable":true,"href":"https:\/\/lucacastelli.com\/fr\/wp-json\/wp\/v2\/media\/538057"}],"wp:attachment":[{"href":"https:\/\/lucacastelli.com\/fr\/wp-json\/wp\/v2\/media?parent=830579"}],"wp:term":[{"taxonomy":"product_brand","embeddable":true,"href":"https:\/\/lucacastelli.com\/fr\/wp-json\/wp\/v2\/product_brand?post=830579"},{"taxonomy":"product_cat","embeddable":true,"href":"https:\/\/lucacastelli.com\/fr\/wp-json\/wp\/v2\/product_cat?post=830579"},{"taxonomy":"product_tag","embeddable":true,"href":"https:\/\/lucacastelli.com\/fr\/wp-json\/wp\/v2\/product_tag?post=830579"}],"curies":[{"name":"wp","href":"https:\/\/api.w.org\/{rel}","templated":true}]}}