{"id":830573,"date":"2025-08-08T18:34:40","date_gmt":"2025-08-08T16:34:40","guid":{"rendered":"https:\/\/lucacastelli.com\/prodotto\/milwaukee-jeu-de-cliquets-et-douilles-%c2%bc%e2%80%b3-%e2%85%9c%e2%80%b3-%c2%bd%e2%80%b3-en-module-souple\/"},"modified":"2025-08-08T18:34:40","modified_gmt":"2025-08-08T16:34:40","slug":"milwaukee-jeu-de-cliquets-et-douilles-%c2%bc%e2%80%b3-%e2%85%9c%e2%80%b3-%c2%bd%e2%80%b3-en-module-souple","status":"publish","type":"product","link":"https:\/\/lucacastelli.com\/fr\/produit\/milwaukee-jeu-de-cliquets-et-douilles-%c2%bc%e2%80%b3-%e2%85%9c%e2%80%b3-%c2%bd%e2%80%b3-en-module-souple\/","title":{"rendered":"MILWAUKEE Jeu de cliquets et douilles \u00bc\u2033, \u215c\u2033, \u00bd\u2033 en module souple"},"content":{"rendered":"<p>Jeu de cliquets et douilles \u00bc\u2033, \u215c\u2033, \u00bd\u2033 en module souple<br \/>\nMOD SOUPLE DOUILLES et CLIQUETS 1\/4, 3\/8, 1\/2<br \/>\nConception \u00e0 90 dents avec un angle de reprise de 4\u00b0 pour les travaux dans les espaces restreints. ; Douille FOUR FLAT\u2122 avec design anti-roulement. ; Construction enti\u00e8rement m\u00e9tallique pour une longue dur\u00e9e de vie. ; Mousse Premium pour une r\u00e9sistance accrue, marquages au laser pour identifier facilement et rapidement la taille et fond rouge pour rep\u00e9rer rapidement les outils manquants.<\/p>\n<p>4932498518<br \/>\n4058546523879<\/p>\n","protected":false},"excerpt":{"rendered":"<p>MOD SOUPLE DOUILLES et CLIQUETS 1\/4, 3\/8, 1\/2<\/p>\n","protected":false},"featured_media":599663,"template":"","meta":{"_seopress_robots_primary_cat":"","_seopress_titles_title":"","_seopress_titles_desc":"","_seopress_robots_index":""},"product_brand":[3407],"product_cat":[5416,33],"product_tag":[3270],"class_list":{"0":"post-830573","1":"product","2":"type-product","3":"status-publish","4":"has-post-thumbnail","6":"product_brand-milwaukee","7":"product_cat-utensili-per-officina","8":"product_cat-attrezzature","9":"product_tag-import-milwau","10":"sws-conto-ricavi-merci-rivendita-macchinari-fr","11":"sws-gruppo-iva-iva81-fr","13":"first","14":"onbackorder","15":"sale","16":"shipping-taxable","17":"purchasable","18":"product-type-simple"},"_links":{"self":[{"href":"https:\/\/lucacastelli.com\/fr\/wp-json\/wp\/v2\/product\/830573","targetHints":{"allow":["GET"]}}],"collection":[{"href":"https:\/\/lucacastelli.com\/fr\/wp-json\/wp\/v2\/product"}],"about":[{"href":"https:\/\/lucacastelli.com\/fr\/wp-json\/wp\/v2\/types\/product"}],"wp:featuredmedia":[{"embeddable":true,"href":"https:\/\/lucacastelli.com\/fr\/wp-json\/wp\/v2\/media\/599663"}],"wp:attachment":[{"href":"https:\/\/lucacastelli.com\/fr\/wp-json\/wp\/v2\/media?parent=830573"}],"wp:term":[{"taxonomy":"product_brand","embeddable":true,"href":"https:\/\/lucacastelli.com\/fr\/wp-json\/wp\/v2\/product_brand?post=830573"},{"taxonomy":"product_cat","embeddable":true,"href":"https:\/\/lucacastelli.com\/fr\/wp-json\/wp\/v2\/product_cat?post=830573"},{"taxonomy":"product_tag","embeddable":true,"href":"https:\/\/lucacastelli.com\/fr\/wp-json\/wp\/v2\/product_tag?post=830573"}],"curies":[{"name":"wp","href":"https:\/\/api.w.org\/{rel}","templated":true}]}}