{"id":830570,"date":"2025-08-08T18:40:55","date_gmt":"2025-08-08T16:40:55","guid":{"rendered":"https:\/\/lucacastelli.com\/prodotto\/milwaukee-equerre-triangulaire-pour-toitures\/"},"modified":"2025-08-08T18:40:55","modified_gmt":"2025-08-08T16:40:55","slug":"milwaukee-equerre-triangulaire-pour-toitures","status":"publish","type":"product","link":"https:\/\/lucacastelli.com\/fr\/produit\/milwaukee-equerre-triangulaire-pour-toitures\/","title":{"rendered":"MILWAUKEE \u00c9querre triangulaire pour toitures"},"content":{"rendered":"<p>\u00c9QUERRE TRIANG POUR TOITURES M\u00e9trique 1pce<br \/>\nEncoches de marquage de pr\u00e9cision pour un tra\u00e7age facile;S\u00e9rigraphie laser pour une meilleure visibilit\u00e9 de la graduation;Guide pour tubes pour faciliter la coupe;Base plus large pour une meilleure prise en main<\/p>\n<p>4932472124<br \/>\n4058546325206<\/p>\n","protected":false},"excerpt":{"rendered":"<p>\u00c9QUERRE TRIANG POUR TOITURES M\u00e9trique 1pce<\/p>\n","protected":false},"featured_media":539117,"template":"","meta":{"_seopress_robots_primary_cat":"","_seopress_titles_title":"","_seopress_titles_desc":"","_seopress_robots_index":""},"product_brand":[3407],"product_cat":[29,514,551],"product_tag":[3270],"class_list":{"0":"post-830570","1":"product","2":"type-product","3":"status-publish","4":"has-post-thumbnail","6":"product_brand-milwaukee","7":"product_cat-macchinari","8":"product_cat-altri-dispositivi","9":"product_cat-apparecchi-di-misurazione","10":"product_tag-import-milwau","11":"sws-conto-ricavi-merci-rivendita-macchinari-fr","12":"sws-gruppo-iva-iva81-fr","14":"first","15":"onbackorder","16":"sale","17":"shipping-taxable","18":"purchasable","19":"product-type-simple"},"_links":{"self":[{"href":"https:\/\/lucacastelli.com\/fr\/wp-json\/wp\/v2\/product\/830570","targetHints":{"allow":["GET"]}}],"collection":[{"href":"https:\/\/lucacastelli.com\/fr\/wp-json\/wp\/v2\/product"}],"about":[{"href":"https:\/\/lucacastelli.com\/fr\/wp-json\/wp\/v2\/types\/product"}],"wp:featuredmedia":[{"embeddable":true,"href":"https:\/\/lucacastelli.com\/fr\/wp-json\/wp\/v2\/media\/539117"}],"wp:attachment":[{"href":"https:\/\/lucacastelli.com\/fr\/wp-json\/wp\/v2\/media?parent=830570"}],"wp:term":[{"taxonomy":"product_brand","embeddable":true,"href":"https:\/\/lucacastelli.com\/fr\/wp-json\/wp\/v2\/product_brand?post=830570"},{"taxonomy":"product_cat","embeddable":true,"href":"https:\/\/lucacastelli.com\/fr\/wp-json\/wp\/v2\/product_cat?post=830570"},{"taxonomy":"product_tag","embeddable":true,"href":"https:\/\/lucacastelli.com\/fr\/wp-json\/wp\/v2\/product_tag?post=830570"}],"curies":[{"name":"wp","href":"https:\/\/api.w.org\/{rel}","templated":true}]}}