{"id":830547,"date":"2025-08-08T18:34:26","date_gmt":"2025-08-08T16:34:26","guid":{"rendered":"https:\/\/lucacastelli.com\/prodotto\/milwaukee-set-de-cliquet-et-douilles-%c2%bc%e2%80%b3-en-module-souple\/"},"modified":"2025-08-08T18:34:26","modified_gmt":"2025-08-08T16:34:26","slug":"milwaukee-set-de-cliquet-et-douilles-%c2%bc%e2%80%b3-en-module-souple","status":"publish","type":"product","link":"https:\/\/lucacastelli.com\/fr\/produit\/milwaukee-set-de-cliquet-et-douilles-%c2%bc%e2%80%b3-en-module-souple\/","title":{"rendered":"MILWAUKEE Set de cliquet et douilles \u00bc\u2033 en module souple"},"content":{"rendered":"<p>MOD VIDE SET DOUILLES 1\/4 ET EMBOUTS 42 PCS<br \/>\nInserts en mousse r\u00e9sistante haute qualit\u00e9 pour ranger soigneusement les outils dans les tiroirs du chariot;Pr\u00e9d\u00e9coup\u00e9s au laser pour un positionnement pr\u00e9cis des outils<\/p>\n<p>4932499294<br \/>\n4058546564582<\/p>\n","protected":false},"excerpt":{"rendered":"<p>MOD VIDE SET DOUILLES 1\/4 ET EMBOUTS 42 PCS<\/p>\n","protected":false},"featured_media":567756,"template":"","meta":{"_seopress_robots_primary_cat":"","_seopress_titles_title":"","_seopress_titles_desc":"","_seopress_robots_index":""},"product_brand":[3658],"product_cat":[5417,144],"product_tag":[3270],"class_list":{"0":"post-830547","1":"product","2":"type-product","3":"status-publish","4":"has-post-thumbnail","6":"product_brand-milwaukee-fr","7":"product_cat-outils-pour-atelier","8":"product_cat-equipement","9":"product_tag-import-milwau","10":"sws-conto-ricavi-merci-rivendita-macchinari-fr","11":"sws-gruppo-iva-iva81-fr","13":"first","14":"onbackorder","15":"sale","16":"shipping-taxable","17":"purchasable","18":"product-type-simple"},"_links":{"self":[{"href":"https:\/\/lucacastelli.com\/fr\/wp-json\/wp\/v2\/product\/830547","targetHints":{"allow":["GET"]}}],"collection":[{"href":"https:\/\/lucacastelli.com\/fr\/wp-json\/wp\/v2\/product"}],"about":[{"href":"https:\/\/lucacastelli.com\/fr\/wp-json\/wp\/v2\/types\/product"}],"wp:featuredmedia":[{"embeddable":true,"href":"https:\/\/lucacastelli.com\/fr\/wp-json\/wp\/v2\/media\/567756"}],"wp:attachment":[{"href":"https:\/\/lucacastelli.com\/fr\/wp-json\/wp\/v2\/media?parent=830547"}],"wp:term":[{"taxonomy":"product_brand","embeddable":true,"href":"https:\/\/lucacastelli.com\/fr\/wp-json\/wp\/v2\/product_brand?post=830547"},{"taxonomy":"product_cat","embeddable":true,"href":"https:\/\/lucacastelli.com\/fr\/wp-json\/wp\/v2\/product_cat?post=830547"},{"taxonomy":"product_tag","embeddable":true,"href":"https:\/\/lucacastelli.com\/fr\/wp-json\/wp\/v2\/product_tag?post=830547"}],"curies":[{"name":"wp","href":"https:\/\/api.w.org\/{rel}","templated":true}]}}