{"id":830541,"date":"2025-08-08T18:34:20","date_gmt":"2025-08-08T16:34:20","guid":{"rendered":"https:\/\/lucacastelli.com\/prodotto\/milwaukee-jeu-de-marteaux-en-module-mousse\/"},"modified":"2025-08-08T18:34:20","modified_gmt":"2025-08-08T16:34:20","slug":"milwaukee-jeu-de-marteaux-en-module-mousse","status":"publish","type":"product","link":"https:\/\/lucacastelli.com\/fr\/produit\/milwaukee-jeu-de-marteaux-en-module-mousse\/","title":{"rendered":"MILWAUKEE Jeu de marteaux en module mousse"},"content":{"rendered":"<p>JEU DE MARTEAUX N\u00b01 MODULE MOUSSE<br \/>\nDesign \u00e9quilibr\u00e9 pour un meilleur contr\u00f4le ; Poign\u00e9e r\u00e9sistante antid\u00e9rapante ; Vibrations minimales et rebond r\u00e9duit<\/p>\n<p>4932493253<br \/>\n4058546481247<\/p>\n","protected":false},"excerpt":{"rendered":"<p>JEU DE MARTEAUX N\u00b01 MODULE MOUSSE<\/p>\n","protected":false},"featured_media":561871,"template":"","meta":{"_seopress_robots_primary_cat":"","_seopress_titles_title":"","_seopress_titles_desc":"","_seopress_robots_index":""},"product_brand":[3407],"product_cat":[5416,33],"product_tag":[3270],"class_list":{"0":"post-830541","1":"product","2":"type-product","3":"status-publish","4":"has-post-thumbnail","6":"product_brand-milwaukee","7":"product_cat-utensili-per-officina","8":"product_cat-attrezzature","9":"product_tag-import-milwau","10":"sws-conto-ricavi-merci-rivendita-macchinari-fr","11":"sws-gruppo-iva-iva81-fr","13":"first","14":"onbackorder","15":"sale","16":"shipping-taxable","17":"purchasable","18":"product-type-simple"},"_links":{"self":[{"href":"https:\/\/lucacastelli.com\/fr\/wp-json\/wp\/v2\/product\/830541","targetHints":{"allow":["GET"]}}],"collection":[{"href":"https:\/\/lucacastelli.com\/fr\/wp-json\/wp\/v2\/product"}],"about":[{"href":"https:\/\/lucacastelli.com\/fr\/wp-json\/wp\/v2\/types\/product"}],"wp:featuredmedia":[{"embeddable":true,"href":"https:\/\/lucacastelli.com\/fr\/wp-json\/wp\/v2\/media\/561871"}],"wp:attachment":[{"href":"https:\/\/lucacastelli.com\/fr\/wp-json\/wp\/v2\/media?parent=830541"}],"wp:term":[{"taxonomy":"product_brand","embeddable":true,"href":"https:\/\/lucacastelli.com\/fr\/wp-json\/wp\/v2\/product_brand?post=830541"},{"taxonomy":"product_cat","embeddable":true,"href":"https:\/\/lucacastelli.com\/fr\/wp-json\/wp\/v2\/product_cat?post=830541"},{"taxonomy":"product_tag","embeddable":true,"href":"https:\/\/lucacastelli.com\/fr\/wp-json\/wp\/v2\/product_tag?post=830541"}],"curies":[{"name":"wp","href":"https:\/\/api.w.org\/{rel}","templated":true}]}}