{"id":830535,"date":"2025-08-08T18:34:17","date_gmt":"2025-08-08T16:34:17","guid":{"rendered":"https:\/\/lucacastelli.com\/prodotto\/milwaukee-set-de-pinces-auto-bloquantes-complet-en-module-souple\/"},"modified":"2025-08-08T18:34:17","modified_gmt":"2025-08-08T16:34:17","slug":"milwaukee-set-de-pinces-auto-bloquantes-complet-en-module-souple","status":"publish","type":"product","link":"https:\/\/lucacastelli.com\/fr\/produit\/milwaukee-set-de-pinces-auto-bloquantes-complet-en-module-souple\/","title":{"rendered":"MILWAUKEE Set de pinces auto-bloquantes complet en module souple"},"content":{"rendered":"<p>SET PINCES AUTO-BLOQUANTES MODULE SOUPLE<br \/>\nPinces auto-bloquantes TORQUE LOCK\u2122 : installation facile et rapide sur surfaces plates et rondes. Une force suppl\u00e9mentaire peut \u00eatre appliqu\u00e9e. \u00c0 utiliser \u00e9galement pour suspendre ou stocker du mat\u00e9riel.;M\u00e2choires tremp\u00e9es pour une meilleure prise et tenue sur le mat\u00e9riau.;Protection contre la rouille : placage chrom\u00e9 augmente la durabilit\u00e9 et r\u00e9duit la corrosion.;Design du levier traditionnel.;Les pinces auto-bloquantes MAXBITE\u2122 ont un design sp\u00e9cial de la m\u00e2choire pour une adh\u00e9rence maximale.<\/p>\n<p>4932493634<br \/>\n4058546485054<\/p>\n","protected":false},"excerpt":{"rendered":"<p>SET PINCES AUTO-BLOQUANTES MODULE SOUPLE<\/p>\n","protected":false},"featured_media":562980,"template":"","meta":{"_seopress_robots_primary_cat":"","_seopress_titles_title":"","_seopress_titles_desc":"","_seopress_robots_index":""},"product_brand":[3407],"product_cat":[5416,33],"product_tag":[3270],"class_list":{"0":"post-830535","1":"product","2":"type-product","3":"status-publish","4":"has-post-thumbnail","6":"product_brand-milwaukee","7":"product_cat-utensili-per-officina","8":"product_cat-attrezzature","9":"product_tag-import-milwau","10":"sws-conto-ricavi-merci-rivendita-macchinari-fr","11":"sws-gruppo-iva-iva81-fr","13":"first","14":"onbackorder","15":"sale","16":"shipping-taxable","17":"purchasable","18":"product-type-simple"},"_links":{"self":[{"href":"https:\/\/lucacastelli.com\/fr\/wp-json\/wp\/v2\/product\/830535","targetHints":{"allow":["GET"]}}],"collection":[{"href":"https:\/\/lucacastelli.com\/fr\/wp-json\/wp\/v2\/product"}],"about":[{"href":"https:\/\/lucacastelli.com\/fr\/wp-json\/wp\/v2\/types\/product"}],"wp:featuredmedia":[{"embeddable":true,"href":"https:\/\/lucacastelli.com\/fr\/wp-json\/wp\/v2\/media\/562980"}],"wp:attachment":[{"href":"https:\/\/lucacastelli.com\/fr\/wp-json\/wp\/v2\/media?parent=830535"}],"wp:term":[{"taxonomy":"product_brand","embeddable":true,"href":"https:\/\/lucacastelli.com\/fr\/wp-json\/wp\/v2\/product_brand?post=830535"},{"taxonomy":"product_cat","embeddable":true,"href":"https:\/\/lucacastelli.com\/fr\/wp-json\/wp\/v2\/product_cat?post=830535"},{"taxonomy":"product_tag","embeddable":true,"href":"https:\/\/lucacastelli.com\/fr\/wp-json\/wp\/v2\/product_tag?post=830535"}],"curies":[{"name":"wp","href":"https:\/\/api.w.org\/{rel}","templated":true}]}}