{"id":830520,"date":"2026-04-15T18:03:07","date_gmt":"2026-04-15T16:03:07","guid":{"rendered":"https:\/\/lucacastelli.com\/prodotto\/crazy-jkt-boosted-proof-man\/"},"modified":"2026-04-15T18:03:07","modified_gmt":"2026-04-15T16:03:07","slug":"crazy-jkt-boosted-proof-man","status":"publish","type":"product","link":"https:\/\/lucacastelli.com\/fr\/produit\/crazy-jkt-boosted-proof-man\/","title":{"rendered":"CRAZY JKT BOOSTED PROOF MAN"},"content":{"rendered":"<p>Description du produit<\/p>\n<p>La veste Boosted Proof, enti\u00e8rement redessin\u00e9e, est une coque imperm\u00e9able haute performance qui combine technicit\u00e9 maximale et design \u00e9pur\u00e9 et moderne. Id\u00e9ale aussi bien pour une utilisation en montagne que dans la vie quotidienne, elle repr\u00e9sente la solution parfaite pour ceux qui recherchent une protection sans renoncer au confort et au style. <\/p>\n<p>Gr\u00e2ce \u00e0 son imperm\u00e9abilit\u00e9 jusqu&#8217;\u00e0 20 000 mm de colonne d&#8217;eau et \u00e0 sa construction enti\u00e8rement thermosoud\u00e9e, elle offre une protection totale contre la pluie et le vent. Le tissu Dermizax garantit l\u00e9g\u00e8ret\u00e9, \u00e9lasticit\u00e9 et une excellente respirabilit\u00e9, rendant ce v\u00eatement parfait m\u00eame pendant les mois les plus chauds. <\/p>\n<p>La construction 2,75 couches (2,5 couches avec traitement int\u00e9rieur soft touch) am\u00e9liore encore le confort, permettant de la porter directement sur un t-shirt.<\/p>\n<p>Un \u00e9l\u00e9ment distinctif est la technologie exclusive Shark Vents, qui permet une ventilation directe via des ouvertures invers\u00e9es, favorisant le renouvellement de l&#8217;air sans compromettre l&#8217;imperm\u00e9abilit\u00e9.<\/p>\n<p>Caract\u00e9ristiques principales<br \/>\nImperm\u00e9abilit\u00e9 20 000 mm et construction enti\u00e8rement thermosoud\u00e9e<br \/>\nTissu technique Dermizax l\u00e9ger, \u00e9lastique et respirant<br \/>\nConstruction 2,75 couches avec int\u00e9rieur soft touch<br \/>\nSyst\u00e8me de ventilation Shark Vents pour une respirabilit\u00e9 optimale<br \/>\nZip frontale enti\u00e8rement s\u00e9parable<br \/>\nCapuche avec visi\u00e8re semi-rigide<br \/>\nDeux poches lat\u00e9rales avec fermetures \u00e9clair invisibles<br \/>\nBas avec bord \u00e9lastique<br \/>\nLogos r\u00e9fl\u00e9chissants pour une meilleure visibilit\u00e9<br \/>\nCompactable dans les poches pour un transport pratique<br \/>\nId\u00e9ale pour<br \/>\nTrekking et activit\u00e9s outdoor dans des conditions variables<br \/>\nProtection contre la pluie et le vent en \u00e9t\u00e9 et mi-saison<br \/>\nUtilisation quotidienne avec style technique<\/p>\n","protected":false},"excerpt":{"rendered":"<p>Description du produit La veste Boosted Proof, enti\u00e8rement redessin\u00e9e, est une coque imperm\u00e9able haute performance qui combine technicit\u00e9 maximale et<\/p>\n","protected":false},"featured_media":830426,"template":"","meta":{"_seopress_robots_primary_cat":"none","_seopress_titles_title":"","_seopress_titles_desc":"","_seopress_robots_index":""},"product_brand":[3616],"product_cat":[81,981,982],"product_tag":[],"class_list":{"0":"post-830520","1":"product","2":"type-product","3":"status-publish","4":"has-post-thumbnail","6":"product_brand-crazy-fr","7":"product_cat-vetements","8":"product_cat-vetements-de-loisirs","9":"product_cat-vetements-pour-hommes","10":"sws-gruppo-abb-libero-fr","11":"sws-conto-ricavi-merci-rivendita-abbigliamento-fr","12":"sws-gruppo-iva-iva81-fr","14":"first","15":"instock","16":"shipping-taxable","17":"purchasable","18":"product-type-simple"},"_links":{"self":[{"href":"https:\/\/lucacastelli.com\/fr\/wp-json\/wp\/v2\/product\/830520","targetHints":{"allow":["GET"]}}],"collection":[{"href":"https:\/\/lucacastelli.com\/fr\/wp-json\/wp\/v2\/product"}],"about":[{"href":"https:\/\/lucacastelli.com\/fr\/wp-json\/wp\/v2\/types\/product"}],"wp:featuredmedia":[{"embeddable":true,"href":"https:\/\/lucacastelli.com\/fr\/wp-json\/wp\/v2\/media\/830426"}],"wp:attachment":[{"href":"https:\/\/lucacastelli.com\/fr\/wp-json\/wp\/v2\/media?parent=830520"}],"wp:term":[{"taxonomy":"product_brand","embeddable":true,"href":"https:\/\/lucacastelli.com\/fr\/wp-json\/wp\/v2\/product_brand?post=830520"},{"taxonomy":"product_cat","embeddable":true,"href":"https:\/\/lucacastelli.com\/fr\/wp-json\/wp\/v2\/product_cat?post=830520"},{"taxonomy":"product_tag","embeddable":true,"href":"https:\/\/lucacastelli.com\/fr\/wp-json\/wp\/v2\/product_tag?post=830520"}],"curies":[{"name":"wp","href":"https:\/\/api.w.org\/{rel}","templated":true}]}}