{"id":830505,"date":"2025-08-08T18:34:36","date_gmt":"2025-08-08T16:34:36","guid":{"rendered":"https:\/\/lucacastelli.com\/prodotto\/milwaukee-jeu-de-cliquets-et-douilles-3\/"},"modified":"2025-08-08T18:34:36","modified_gmt":"2025-08-08T16:34:36","slug":"milwaukee-jeu-de-cliquets-et-douilles-3","status":"publish","type":"product","link":"https:\/\/lucacastelli.com\/fr\/produit\/milwaukee-jeu-de-cliquets-et-douilles-3\/","title":{"rendered":"MILWAUKEE Jeu de cliquets et douilles"},"content":{"rendered":"<p>COFFRET 56 PCS CLIQUET 3\/8&#8243; &#8211; M\u00c9TRIQUE \/ IMP\u00c9RIAL<br \/>\nConception \u00e0 90 dents avec un angle de reprise de 4 degr\u00e9s pour une accessibilit\u00e9 maximale dans les espaces restreints ; Livr\u00e9 avec un plateau amovible parfaitement con\u00e7u pour le rangement dans les servantes ; Diam\u00e8tres grav\u00e9s sur le c\u00f4t\u00e9 pour une identification facile ; Conception enti\u00e8rement m\u00e9tallique pour une durabilit\u00e9 maximale ; Design FOUR FLAT\u2122 anti-roulement ; T\u00eate \u00e0 profil mince avec levier d\u2019inversion affleurant offrant une meilleure accessibilit\u00e9 dans les espaces restreints<\/p>\n<p>4932464946<br \/>\n4058546228910<\/p>\n","protected":false},"excerpt":{"rendered":"<p>COFFRET 56 PCS CLIQUET 3\/8&#8243; &#8211; M\u00c9TRIQUE \/ IMP\u00c9RIAL<\/p>\n","protected":false},"featured_media":530381,"template":"","meta":{"_seopress_robots_primary_cat":"","_seopress_titles_title":"","_seopress_titles_desc":"","_seopress_robots_index":""},"product_brand":[3658],"product_cat":[144,5417],"product_tag":[3273],"class_list":{"0":"post-830505","1":"product","2":"type-product","3":"status-publish","4":"has-post-thumbnail","6":"product_brand-milwaukee-fr","7":"product_cat-equipement","8":"product_cat-outils-pour-atelier","9":"product_tag-import-milwau-fr","10":"sws-conto-ricavi-merci-rivendita-macchinari-fr","11":"sws-gruppo-iva-iva81-fr","13":"first","14":"onbackorder","15":"sale","16":"shipping-taxable","17":"purchasable","18":"product-type-simple"},"_links":{"self":[{"href":"https:\/\/lucacastelli.com\/fr\/wp-json\/wp\/v2\/product\/830505","targetHints":{"allow":["GET"]}}],"collection":[{"href":"https:\/\/lucacastelli.com\/fr\/wp-json\/wp\/v2\/product"}],"about":[{"href":"https:\/\/lucacastelli.com\/fr\/wp-json\/wp\/v2\/types\/product"}],"wp:featuredmedia":[{"embeddable":true,"href":"https:\/\/lucacastelli.com\/fr\/wp-json\/wp\/v2\/media\/530381"}],"wp:attachment":[{"href":"https:\/\/lucacastelli.com\/fr\/wp-json\/wp\/v2\/media?parent=830505"}],"wp:term":[{"taxonomy":"product_brand","embeddable":true,"href":"https:\/\/lucacastelli.com\/fr\/wp-json\/wp\/v2\/product_brand?post=830505"},{"taxonomy":"product_cat","embeddable":true,"href":"https:\/\/lucacastelli.com\/fr\/wp-json\/wp\/v2\/product_cat?post=830505"},{"taxonomy":"product_tag","embeddable":true,"href":"https:\/\/lucacastelli.com\/fr\/wp-json\/wp\/v2\/product_tag?post=830505"}],"curies":[{"name":"wp","href":"https:\/\/api.w.org\/{rel}","templated":true}]}}