{"id":830501,"date":"2025-08-08T18:48:58","date_gmt":"2025-08-08T16:48:58","guid":{"rendered":"https:\/\/lucacastelli.com\/prodotto\/milwaukee-cardan-universel-%c2%bd\/"},"modified":"2025-08-08T18:48:58","modified_gmt":"2025-08-08T16:48:58","slug":"milwaukee-cardan-universel-%c2%bd","status":"publish","type":"product","link":"https:\/\/lucacastelli.com\/fr\/produit\/milwaukee-cardan-universel-%c2%bd\/","title":{"rendered":"MILWAUKEE Cardan universel \u00bd&#8221;"},"content":{"rendered":"<p>PIVOT 1\/2 CARR\u00c9 15 DEGR\u00c9S<br \/>\nL&#8217;acier SHOCKWAVE\u2122 IMPACT DUTY (chrome-molybd\u00e8ne) est un alliage d&#8217;acier de haute qualit\u00e9 offrant une r\u00e9sistance et une durabilit\u00e9 maximales;Cardan avec inclinaison \u00e0 15\u00b0 pour travailler plus facilement dans les espaces les plus difficiles;Diam\u00e8tre grav\u00e9 au laser et rempli d&#8217;encre blanche permet une lecture facile et une durabilit\u00e9 maximale dans le temps;R\u00e9tention par goupille pour une tenue maximale de la douille;Design \u00e0 trou traversant et rainure pour loger l&#8217;accessoire de s\u00e9curit\u00e9;Design sans goupille pour une durabilit\u00e9 accrue<\/p>\n<p>4932480357<br \/>\n4058546406424<\/p>\n","protected":false},"excerpt":{"rendered":"<p>PIVOT 1\/2 CARR\u00c9 15 DEGR\u00c9S<\/p>\n","protected":false},"featured_media":552053,"template":"","meta":{"_seopress_robots_primary_cat":"","_seopress_titles_title":"","_seopress_titles_desc":"","_seopress_robots_index":""},"product_brand":[3658],"product_cat":[167,1453,1552,1555],"product_tag":[3273],"class_list":{"0":"post-830501","1":"product","2":"type-product","3":"status-publish","4":"has-post-thumbnail","6":"product_brand-milwaukee-fr","7":"product_cat-machines","8":"product_cat-autres-appareils","9":"product_cat-perceuses-et-tournevis","10":"product_cat-accessoires-pour-perceuses-et-tournevis","11":"product_tag-import-milwau-fr","12":"sws-conto-ricavi-merci-rivendita-macchinari-fr","13":"sws-gruppo-iva-iva81-fr","15":"first","16":"onbackorder","17":"sale","18":"shipping-taxable","19":"purchasable","20":"product-type-simple"},"_links":{"self":[{"href":"https:\/\/lucacastelli.com\/fr\/wp-json\/wp\/v2\/product\/830501","targetHints":{"allow":["GET"]}}],"collection":[{"href":"https:\/\/lucacastelli.com\/fr\/wp-json\/wp\/v2\/product"}],"about":[{"href":"https:\/\/lucacastelli.com\/fr\/wp-json\/wp\/v2\/types\/product"}],"wp:featuredmedia":[{"embeddable":true,"href":"https:\/\/lucacastelli.com\/fr\/wp-json\/wp\/v2\/media\/552053"}],"wp:attachment":[{"href":"https:\/\/lucacastelli.com\/fr\/wp-json\/wp\/v2\/media?parent=830501"}],"wp:term":[{"taxonomy":"product_brand","embeddable":true,"href":"https:\/\/lucacastelli.com\/fr\/wp-json\/wp\/v2\/product_brand?post=830501"},{"taxonomy":"product_cat","embeddable":true,"href":"https:\/\/lucacastelli.com\/fr\/wp-json\/wp\/v2\/product_cat?post=830501"},{"taxonomy":"product_tag","embeddable":true,"href":"https:\/\/lucacastelli.com\/fr\/wp-json\/wp\/v2\/product_tag?post=830501"}],"curies":[{"name":"wp","href":"https:\/\/api.w.org\/{rel}","templated":true}]}}