{"id":830495,"date":"2025-08-08T18:48:56","date_gmt":"2025-08-08T16:48:56","guid":{"rendered":"https:\/\/lucacastelli.com\/prodotto\/milwaukee-rotule-universelle-3-8%cb%9d\/"},"modified":"2025-08-08T18:48:56","modified_gmt":"2025-08-08T16:48:56","slug":"milwaukee-rotule-universelle-3-8%cb%9d","status":"publish","type":"product","link":"https:\/\/lucacastelli.com\/fr\/produit\/milwaukee-rotule-universelle-3-8%cb%9d\/","title":{"rendered":"MILWAUKEE Rotule universelle 3\/8\u02dd"},"content":{"rendered":"<p>ROTULE 3\/8 CARR\u00c9 15 DEGR\u00c9S<br \/>\nL&#8217;acier SHOCKWAVE\u2122 IMPACT DUTY (chrome-molybd\u00e8ne) est un alliage d&#8217;acier de haute qualit\u00e9 qui offre une r\u00e9sistance et une durabilit\u00e9 maximales ; Rotule \u00e0 15\u00b0 pour un acc\u00e8s facile dans les espaces restreints ; Diam\u00e8tre grav\u00e9 au laser et rempli d&#8217;encre blanche permet une lecture facile et une durabilit\u00e9 maximale dans le temps ; Design avec arr\u00eat \u00e0 bille pour une meilleure r\u00e9tention de la douille ; Design \u00e0 trou traversant et rainure pour loger l&#8217;accessoire de s\u00e9curit\u00e9<\/p>\n<p>4932480301<br \/>\n4058546405861<\/p>\n","protected":false},"excerpt":{"rendered":"<p>ROTULE 3\/8 CARR\u00c9 15 DEGR\u00c9S<\/p>\n","protected":false},"featured_media":547752,"template":"","meta":{"_seopress_robots_primary_cat":"","_seopress_titles_title":"","_seopress_titles_desc":"","_seopress_robots_index":""},"product_brand":[3658],"product_cat":[167,1453,1552,1555],"product_tag":[3273],"class_list":{"0":"post-830495","1":"product","2":"type-product","3":"status-publish","4":"has-post-thumbnail","6":"product_brand-milwaukee-fr","7":"product_cat-machines","8":"product_cat-autres-appareils","9":"product_cat-perceuses-et-tournevis","10":"product_cat-accessoires-pour-perceuses-et-tournevis","11":"product_tag-import-milwau-fr","12":"sws-conto-ricavi-merci-rivendita-macchinari-fr","13":"sws-gruppo-iva-iva81-fr","15":"first","16":"onbackorder","17":"sale","18":"shipping-taxable","19":"purchasable","20":"product-type-simple"},"_links":{"self":[{"href":"https:\/\/lucacastelli.com\/fr\/wp-json\/wp\/v2\/product\/830495","targetHints":{"allow":["GET"]}}],"collection":[{"href":"https:\/\/lucacastelli.com\/fr\/wp-json\/wp\/v2\/product"}],"about":[{"href":"https:\/\/lucacastelli.com\/fr\/wp-json\/wp\/v2\/types\/product"}],"wp:featuredmedia":[{"embeddable":true,"href":"https:\/\/lucacastelli.com\/fr\/wp-json\/wp\/v2\/media\/547752"}],"wp:attachment":[{"href":"https:\/\/lucacastelli.com\/fr\/wp-json\/wp\/v2\/media?parent=830495"}],"wp:term":[{"taxonomy":"product_brand","embeddable":true,"href":"https:\/\/lucacastelli.com\/fr\/wp-json\/wp\/v2\/product_brand?post=830495"},{"taxonomy":"product_cat","embeddable":true,"href":"https:\/\/lucacastelli.com\/fr\/wp-json\/wp\/v2\/product_cat?post=830495"},{"taxonomy":"product_tag","embeddable":true,"href":"https:\/\/lucacastelli.com\/fr\/wp-json\/wp\/v2\/product_tag?post=830495"}],"curies":[{"name":"wp","href":"https:\/\/api.w.org\/{rel}","templated":true}]}}