{"id":830489,"date":"2025-08-08T18:47:19","date_gmt":"2025-08-08T16:47:19","guid":{"rendered":"https:\/\/lucacastelli.com\/prodotto\/milwaukee-sonde-tire-cables-2\/"},"modified":"2025-08-08T18:47:19","modified_gmt":"2025-08-08T16:47:19","slug":"milwaukee-sonde-tire-cables-2","status":"publish","type":"product","link":"https:\/\/lucacastelli.com\/fr\/produit\/milwaukee-sonde-tire-cables-2\/","title":{"rendered":"MILWAUKEE Sonde tire-c\u00e2bles"},"content":{"rendered":"<p>SONDE TIRE-C\u00c2BLES C\u00c2BLE ACIER 15 m &#8211; 1 pce<br \/>\nC\u00e2ble \u00e0 haute flexibilit\u00e9 pour une application plus simple ; C\u00e2ble plus \u00e9pais pour une meilleure pouss\u00e9e ; Design \u00e0 triple fil, \u00e9vite de se plier ; Bo\u00eetier \u00e0 faible friction pour une sortie fluide ; Poign\u00e9e int\u00e9rieure carr\u00e9e pour faciliter l&#8217;application de rembobinage<\/p>\n<p>4932472121<br \/>\n4058546325176<\/p>\n","protected":false},"excerpt":{"rendered":"<p>SONDE TIRE-C\u00c2BLES C\u00c2BLE ACIER 15 m &#8211; 1 pce<\/p>\n","protected":false},"featured_media":539077,"template":"","meta":{"_seopress_robots_primary_cat":"","_seopress_titles_title":"","_seopress_titles_desc":"","_seopress_robots_index":""},"product_brand":[3658],"product_cat":[5532,167,1453],"product_tag":[3273],"class_list":{"0":"post-830489","1":"product","2":"type-product","3":"status-publish","4":"has-post-thumbnail","6":"product_brand-milwaukee-fr","7":"product_cat-diverses-machines-milwaukee","8":"product_cat-machines","9":"product_cat-autres-appareils","10":"product_tag-import-milwau-fr","11":"sws-conto-ricavi-merci-rivendita-macchinari-fr","12":"sws-gruppo-iva-iva81-fr","14":"first","15":"onbackorder","16":"sale","17":"shipping-taxable","18":"purchasable","19":"product-type-simple"},"_links":{"self":[{"href":"https:\/\/lucacastelli.com\/fr\/wp-json\/wp\/v2\/product\/830489","targetHints":{"allow":["GET"]}}],"collection":[{"href":"https:\/\/lucacastelli.com\/fr\/wp-json\/wp\/v2\/product"}],"about":[{"href":"https:\/\/lucacastelli.com\/fr\/wp-json\/wp\/v2\/types\/product"}],"wp:featuredmedia":[{"embeddable":true,"href":"https:\/\/lucacastelli.com\/fr\/wp-json\/wp\/v2\/media\/539077"}],"wp:attachment":[{"href":"https:\/\/lucacastelli.com\/fr\/wp-json\/wp\/v2\/media?parent=830489"}],"wp:term":[{"taxonomy":"product_brand","embeddable":true,"href":"https:\/\/lucacastelli.com\/fr\/wp-json\/wp\/v2\/product_brand?post=830489"},{"taxonomy":"product_cat","embeddable":true,"href":"https:\/\/lucacastelli.com\/fr\/wp-json\/wp\/v2\/product_cat?post=830489"},{"taxonomy":"product_tag","embeddable":true,"href":"https:\/\/lucacastelli.com\/fr\/wp-json\/wp\/v2\/product_tag?post=830489"}],"curies":[{"name":"wp","href":"https:\/\/api.w.org\/{rel}","templated":true}]}}