{"id":830487,"date":"2025-08-08T18:47:17","date_gmt":"2025-08-08T16:47:17","guid":{"rendered":"https:\/\/lucacastelli.com\/prodotto\/milwaukee-tire-fils\/"},"modified":"2025-08-08T18:47:17","modified_gmt":"2025-08-08T16:47:17","slug":"milwaukee-tire-fils","status":"publish","type":"product","link":"https:\/\/lucacastelli.com\/fr\/produit\/milwaukee-tire-fils\/","title":{"rendered":"MILWAUKEE Tire-fils"},"content":{"rendered":"<p>TIRE-FILS NON CONDUCTEUR 30 m 1 pce<br \/>\nC\u00e2ble \u00e0 haute flexibilit\u00e9 pour une application plus simple ; C\u00e2ble plus \u00e9pais pour une meilleure pouss\u00e9e ; Conception \u00e0 triple fil, \u00e9vite de se plier ; Bo\u00eetier \u00e0 faible frottement pour un d\u00e9roulement fluide ; Poign\u00e9e interne carr\u00e9e pour faciliter l\u2019enroulement<\/p>\n<p>4932472119<br \/>\n4058546325152<\/p>\n","protected":false},"excerpt":{"rendered":"<p>TIRE-FILS NON CONDUCTEUR 30 m 1 pce<\/p>\n","protected":false},"featured_media":539042,"template":"","meta":{"_seopress_robots_primary_cat":"","_seopress_titles_title":"","_seopress_titles_desc":"","_seopress_robots_index":""},"product_brand":[3407],"product_cat":[5531,29,514],"product_tag":[3270],"class_list":{"0":"post-830487","1":"product","2":"type-product","3":"status-publish","4":"has-post-thumbnail","6":"product_brand-milwaukee","7":"product_cat-vari-macchinari-milwaukee","8":"product_cat-macchinari","9":"product_cat-altri-dispositivi","10":"product_tag-import-milwau","11":"sws-conto-ricavi-merci-rivendita-macchinari-fr","12":"sws-gruppo-iva-iva81-fr","14":"first","15":"onbackorder","16":"sale","17":"shipping-taxable","18":"purchasable","19":"product-type-simple"},"_links":{"self":[{"href":"https:\/\/lucacastelli.com\/fr\/wp-json\/wp\/v2\/product\/830487","targetHints":{"allow":["GET"]}}],"collection":[{"href":"https:\/\/lucacastelli.com\/fr\/wp-json\/wp\/v2\/product"}],"about":[{"href":"https:\/\/lucacastelli.com\/fr\/wp-json\/wp\/v2\/types\/product"}],"wp:featuredmedia":[{"embeddable":true,"href":"https:\/\/lucacastelli.com\/fr\/wp-json\/wp\/v2\/media\/539042"}],"wp:attachment":[{"href":"https:\/\/lucacastelli.com\/fr\/wp-json\/wp\/v2\/media?parent=830487"}],"wp:term":[{"taxonomy":"product_brand","embeddable":true,"href":"https:\/\/lucacastelli.com\/fr\/wp-json\/wp\/v2\/product_brand?post=830487"},{"taxonomy":"product_cat","embeddable":true,"href":"https:\/\/lucacastelli.com\/fr\/wp-json\/wp\/v2\/product_cat?post=830487"},{"taxonomy":"product_tag","embeddable":true,"href":"https:\/\/lucacastelli.com\/fr\/wp-json\/wp\/v2\/product_tag?post=830487"}],"curies":[{"name":"wp","href":"https:\/\/api.w.org\/{rel}","templated":true}]}}