{"id":830480,"date":"2025-08-08T18:47:15","date_gmt":"2025-08-08T16:47:15","guid":{"rendered":"https:\/\/lucacastelli.com\/prodotto\/milwaukee-haut-parleur-de-chantier-m18-avec-power-bank\/"},"modified":"2025-08-08T18:47:15","modified_gmt":"2025-08-08T16:47:15","slug":"milwaukee-haut-parleur-de-chantier-m18-avec-power-bank","status":"publish","type":"product","link":"https:\/\/lucacastelli.com\/fr\/produit\/milwaukee-haut-parleur-de-chantier-m18-avec-power-bank\/","title":{"rendered":"MILWAUKEE Haut-parleur de chantier M18\u2122 avec Power Bank"},"content":{"rendered":"<p>M18SPEJSG2-0 JOBSITE SPEAKER<br \/>\nTechnologie de pointe : Haut-parleurs Bluetooth\u00ae pour chantiers ; Bluetooth\u00ae 5.3 diffuse de la musique jusqu\u2019\u00e0 une distance de 60 m de votre smartphone, ordinateur ou tablette ; Son \u00e9quilibr\u00e9 et clair \u00e0 tout volume ; Haut-parleurs premium avec port Bass-reflex ; Offre un son pour les espaces de petite ou moyenne dimension ; Le lien audio connecte plus de 200 haut-parleurs MILWAUKEE\u00ae ; Possibilit\u00e9s illimit\u00e9es de connexion et de fixation avec les crochets int\u00e9gr\u00e9s, les crochets pour clous et les trous de passage ; La prise USB-C prot\u00e9g\u00e9e charge les appareils \u00e9lectroniques ; L\u2019espace de stockage embarqu\u00e9 permet de ranger les t\u00e9l\u00e9phones portables ; Autonomie pour une journ\u00e9e de travail compl\u00e8te avec la batterie M18\u2122 de 5,0 Ah ; Syst\u00e8me de batterie flexible : fonctionne avec toutes les batteries MILWAUKEE\u00ae M18\u2122<\/p>\n<p>4933493530<br \/>\n4058546484019<\/p>\n","protected":false},"excerpt":{"rendered":"<p>M18SPEJSG2-0 JOBSITE SPEAKER<\/p>\n","protected":false},"featured_media":586018,"template":"","meta":{"_seopress_robots_primary_cat":"","_seopress_titles_title":"","_seopress_titles_desc":"","_seopress_robots_index":""},"product_brand":[3407],"product_cat":[5531,29,514],"product_tag":[3270],"class_list":{"0":"post-830480","1":"product","2":"type-product","3":"status-publish","4":"has-post-thumbnail","6":"product_brand-milwaukee","7":"product_cat-vari-macchinari-milwaukee","8":"product_cat-macchinari","9":"product_cat-altri-dispositivi","10":"product_tag-import-milwau","11":"sws-conto-ricavi-merci-rivendita-macchinari-fr","12":"sws-gruppo-iva-iva81-fr","14":"first","15":"onbackorder","16":"sale","17":"shipping-taxable","18":"purchasable","19":"product-type-simple"},"_links":{"self":[{"href":"https:\/\/lucacastelli.com\/fr\/wp-json\/wp\/v2\/product\/830480","targetHints":{"allow":["GET"]}}],"collection":[{"href":"https:\/\/lucacastelli.com\/fr\/wp-json\/wp\/v2\/product"}],"about":[{"href":"https:\/\/lucacastelli.com\/fr\/wp-json\/wp\/v2\/types\/product"}],"wp:featuredmedia":[{"embeddable":true,"href":"https:\/\/lucacastelli.com\/fr\/wp-json\/wp\/v2\/media\/586018"}],"wp:attachment":[{"href":"https:\/\/lucacastelli.com\/fr\/wp-json\/wp\/v2\/media?parent=830480"}],"wp:term":[{"taxonomy":"product_brand","embeddable":true,"href":"https:\/\/lucacastelli.com\/fr\/wp-json\/wp\/v2\/product_brand?post=830480"},{"taxonomy":"product_cat","embeddable":true,"href":"https:\/\/lucacastelli.com\/fr\/wp-json\/wp\/v2\/product_cat?post=830480"},{"taxonomy":"product_tag","embeddable":true,"href":"https:\/\/lucacastelli.com\/fr\/wp-json\/wp\/v2\/product_tag?post=830480"}],"curies":[{"name":"wp","href":"https:\/\/api.w.org\/{rel}","templated":true}]}}